{"id":113,"date":"2015-05-19T09:30:03","date_gmt":"2015-05-19T09:30:03","guid":{"rendered":"http:\/\/ppspark.com\/?page_id=113"},"modified":"2024-06-05T18:31:06","modified_gmt":"2024-06-05T16:31:06","slug":"treballa-amb-nosaltres","status":"publish","type":"page","link":"https:\/\/www.ppspark.com\/en\/treballa-amb-nosaltres\/","title":{"rendered":"Work with us"},"content":{"rendered":"\t\t<div data-elementor-type=\"wp-post\" data-elementor-id=\"113\" class=\"elementor elementor-113\" data-elementor-post-type=\"page\">\n\t\t\t\t\t\t<section class=\"elementor-section elementor-top-section elementor-element elementor-element-69ad847c elementor-section-full_width elementor-section-height-default elementor-section-height-default\" data-id=\"69ad847c\" data-element_type=\"section\" data-e-type=\"section\">\n\t\t\t\t\t\t<div class=\"elementor-container elementor-column-gap-no\">\n\t\t\t\t\t<div class=\"elementor-column elementor-col-100 elementor-top-column elementor-element elementor-element-576459f6\" data-id=\"576459f6\" data-element_type=\"column\" data-e-type=\"column\">\n\t\t\t<div class=\"elementor-widget-wrap elementor-element-populated\">\n\t\t\t\t\t\t<div class=\"elementor-element elementor-element-080eb38 elementor-widget elementor-widget-heading\" data-id=\"080eb38\" data-element_type=\"widget\" data-e-type=\"widget\" data-widget_type=\"heading.default\">\n\t\t\t\t<div class=\"elementor-widget-container\">\n\t\t\t\t\t<h2 class=\"elementor-heading-title elementor-size-default\">Vine a formar part del nostre equip<\/h2>\t\t\t\t<\/div>\n\t\t\t\t<\/div>\n\t\t\t\t<div class=\"elementor-element elementor-element-51b6f2b6 elementor-widget elementor-widget-text-editor\" data-id=\"51b6f2b6\" data-element_type=\"widget\" data-e-type=\"widget\" data-widget_type=\"text-editor.default\">\n\t\t\t\t<div class=\"elementor-widget-container\">\n\t\t\t\t\t\t\t\t\t<p>Si ets una persona din\u00e0mica, sents admiraci\u00f3 pels m\u00e9s petits i tens il\u00b7lusi\u00f3 per participar d&#8217;un projecte tan important com el de brindar il\u00b7lusi\u00f3 a un nen, aquest \u00e9s el teu lloc.<\/p><p style=\"text-align: justify;\">Disposem de diversos centres i necessitem comptar amb personal responsable per poder cobrir les necessitats de cada parc. S&#8217;ofereix treball fix o temporal.<\/p><p style=\"text-align: justify;\">Si vols unir-te a l&#8217;equip de <strong>Pp&#8217;s Park<\/strong> pots portar el teu curr\u00edculum al parc o be omplir el formulari\u00a0 i adjuntar curr\u00edculum. Moltes gr\u00e0cies.<\/p>\t\t\t\t\t\t\t\t<\/div>\n\t\t\t\t<\/div>\n\t\t\t\t\t<\/div>\n\t\t<\/div>\n\t\t\t\t\t<\/div>\n\t\t<\/section>\n\t\t\t\t<section class=\"elementor-section elementor-top-section elementor-element elementor-element-43708b3 elementor-section-full_width elementor-section-height-default elementor-section-height-default\" data-id=\"43708b3\" data-element_type=\"section\" data-e-type=\"section\">\n\t\t\t\t\t\t<div class=\"elementor-container elementor-column-gap-no\">\n\t\t\t\t\t<div class=\"elementor-column elementor-col-100 elementor-top-column elementor-element elementor-element-51b4855\" data-id=\"51b4855\" data-element_type=\"column\" data-e-type=\"column\">\n\t\t\t<div class=\"elementor-widget-wrap elementor-element-populated\">\n\t\t\t\t\t\t<div class=\"elementor-element elementor-element-f4d05c0 elementor-button-align-start elementor-mobile-button-align-center elementor-widget elementor-widget-form\" data-id=\"f4d05c0\" data-element_type=\"widget\" data-e-type=\"widget\" data-settings=\"{&quot;step_next_label&quot;:&quot;Next&quot;,&quot;step_previous_label&quot;:&quot;Previous&quot;,&quot;button_width&quot;:&quot;100&quot;,&quot;step_type&quot;:&quot;number_text&quot;,&quot;step_icon_shape&quot;:&quot;circle&quot;}\" data-widget_type=\"form.default\">\n\t\t\t\t<div class=\"elementor-widget-container\">\n\t\t\t\t\t\t\t<form class=\"elementor-form\" method=\"post\" id=\"treballa\" name=\"Treballa amb nosaltres\" aria-label=\"Treballa amb nosaltres\">\n\t\t\t<input type=\"hidden\" name=\"post_id\" value=\"113\"\/>\n\t\t\t<input type=\"hidden\" name=\"form_id\" value=\"f4d05c0\"\/>\n\t\t\t<input type=\"hidden\" name=\"referer_title\" value=\"Treballa amb nosaltres - Pp&#039;s Park\" \/>\n\n\t\t\t\t\t\t\t<input type=\"hidden\" name=\"queried_id\" value=\"113\"\/>\n\t\t\t\n\t\t\t<div class=\"elementor-form-fields-wrapper elementor-labels-above\">\n\t\t\t\t\t\t\t\t<div class=\"elementor-field-type-text elementor-field-group elementor-column elementor-field-group-name elementor-col-50 elementor-field-required elementor-mark-required\">\n\t\t\t\t\t\t\t\t\t\t\t\t<label for=\"form-field-name\" class=\"elementor-field-label\">\n\t\t\t\t\t\t\t\tNom\t\t\t\t\t\t\t<\/label>\n\t\t\t\t\t\t\t\t\t\t\t\t\t\t<input size=\"1\" type=\"text\" name=\"form_fields[name]\" id=\"form-field-name\" class=\"elementor-field elementor-size-md  elementor-field-textual\" placeholder=\"Nom\" required=\"required\">\n\t\t\t\t\t\t\t\t\t\t\t<\/div>\n\t\t\t\t\t\t\t\t<div class=\"elementor-field-type-email elementor-field-group elementor-column elementor-field-group-email elementor-col-50 elementor-field-required elementor-mark-required\">\n\t\t\t\t\t\t\t\t\t\t\t\t<label for=\"form-field-email\" class=\"elementor-field-label\">\n\t\t\t\t\t\t\t\tCorreu electr\u00f2nic\t\t\t\t\t\t\t<\/label>\n\t\t\t\t\t\t\t\t\t\t\t\t\t\t<input size=\"1\" type=\"email\" name=\"form_fields[email]\" id=\"form-field-email\" class=\"elementor-field elementor-size-md  elementor-field-textual\" placeholder=\"Correu electr\u00f2nic\" required=\"required\">\n\t\t\t\t\t\t\t\t\t\t\t<\/div>\n\t\t\t\t\t\t\t\t<div class=\"elementor-field-type-textarea elementor-field-group elementor-column elementor-field-group-message elementor-col-100\">\n\t\t\t\t\t\t\t\t\t\t\t\t<label for=\"form-field-message\" class=\"elementor-field-label\">\n\t\t\t\t\t\t\t\tComentaris\t\t\t\t\t\t\t<\/label>\n\t\t\t\t\t\t<textarea class=\"elementor-field-textual elementor-field  elementor-size-md\" name=\"form_fields[message]\" id=\"form-field-message\" rows=\"4\" placeholder=\"Comentaris\"><\/textarea>\t\t\t\t<\/div>\n\t\t\t\t\t\t\t\t<div class=\"elementor-field-type-upload elementor-field-group elementor-column elementor-field-group-adjuntar elementor-col-100\">\n\t\t\t\t\t\t\t\t\t\t\t\t<label for=\"form-field-adjuntar\" class=\"elementor-field-label\">\n\t\t\t\t\t\t\t\tAdjuntar curr\u00edculum\t\t\t\t\t\t\t<\/label>\n\t\t\t\t\t\t\t\t<input type=\"file\" name=\"form_fields[adjuntar]\" id=\"form-field-adjuntar\" class=\"elementor-field elementor-size-md  elementor-upload-field\" data-maxsize=\"6\" data-maxsize-message=\"This file exceeds the maximum allowed size.\">\n\n\t\t\t\t\t\t<\/div>\n\t\t\t\t\t\t\t\t<div class=\"elementor-field-type-html elementor-field-group elementor-column elementor-field-group-field_a71ce56 elementor-col-100\">\n\t\t\t\t\t\t\t<div data-elementor-type=\"section\" data-elementor-id=\"5365\" class=\"elementor elementor-5365\" data-elementor-post-type=\"elementor_library\">\n\t\t\t\t\t<section class=\"elementor-section elementor-top-section elementor-element elementor-element-1eda02cc elementor-section-full_width elementor-section-height-default elementor-section-height-default\" data-id=\"1eda02cc\" data-element_type=\"section\" data-e-type=\"section\">\n\t\t\t\t\t\t<div class=\"elementor-container elementor-column-gap-no\">\n\t\t\t\t\t<div class=\"elementor-column elementor-col-100 elementor-top-column elementor-element elementor-element-50a79eeb\" data-id=\"50a79eeb\" data-element_type=\"column\" data-e-type=\"column\">\n\t\t\t<div class=\"elementor-widget-wrap elementor-element-populated\">\n\t\t\t\t\t\t<div class=\"elementor-element elementor-element-23de76dc elementor-widget elementor-widget-eael-adv-accordion\" data-id=\"23de76dc\" data-element_type=\"widget\" data-e-type=\"widget\" data-widget_type=\"eael-adv-accordion.default\">\n\t\t\t\t<div class=\"elementor-widget-container\">\n\t\t\t\t\t            <div class=\"eael-adv-accordion\" id=\"eael-adv-accordion-23de76dc\" data-scroll-on-click=\"no\" data-scroll-speed=\"300\" data-accordion-id=\"23de76dc\" data-accordion-type=\"accordion\" data-toogle-speed=\"300\">\n            <div class=\"eael-accordion-list\">\n\t\t\t\t\t<div id=\"basic-information-on-data-processing-regulation-eu-2016679-\" class=\"elementor-tab-title eael-accordion-header\" tabindex=\"0\" data-tab=\"1\" aria-controls=\"elementor-tab-content-6011\"><span class=\"eael-accordion-tab-title\">Basic information on data processing - Regulation (EU) 2016\/679 <\/span><i aria-hidden=\"true\" class=\"fa-toggle fas fa-angle-down\"><\/i><\/div><div id=\"elementor-tab-content-6011\" class=\"eael-accordion-content clearfix\" data-tab=\"1\" aria-labelledby=\"basic-information-on-data-processing-regulation-eu-2016679-\"><p style=\"text-align: justify\"><strong>Pp&#8217;s Park<\/strong> informs that the personal data you provide by filling in this form will be processed by our company as responsible of this web | The purpose of the collection and treatment of your personal data is to send you our information, promotions of products and\/or services and exclusive resources | By checking the acceptance box, you&#8217;re giving your legitimate consent to store your data, which will be treated in accordance to the current <strong><a href=\"https:\/\/www.ppspark.com\/politica-de-privacitat\/\" target=\"_blank\" rel=\"noopener\">privacy policy<\/a><\/strong> | As a user we inform you that the data provided will be located on the servers of our Internet Service Provider <strong>Estudi 33<\/strong>, ensuring the appropriate levels of security (<strong><a href=\"https:\/\/www.estudi33.net\/politica-de-privacitat\/\" target=\"_blank\" rel=\"noopener\">see Privacy Policy of Estudi 33<\/a><\/strong>) | You can exercise your rights of access, rectification, limitation and delete the data in <a href=\"mailto:info@ppspark.com\"><strong>info@ppspark.com<\/strong><\/a>. You can see the additional and more detailed information on Data Protection in our <a href=\"https:\/\/www.ppspark.com\/politica-de-privacitat\/\" target=\"_blank\" rel=\"noopener\"><strong> privacy policy<\/strong>.<\/a><\/p><\/div>\n\t\t\t\t\t<\/div><\/div>\t\t\t\t<\/div>\n\t\t\t\t<\/div>\n\t\t\t\t\t<\/div>\n\t\t<\/div>\n\t\t\t\t\t<\/div>\n\t\t<\/section>\n\t\t\t\t<\/div>\n\t\t\t\t\t\t<\/div>\n\t\t\t\t\t\t\t\t<div class=\"elementor-field-type-text\">\n\t\t\t\t\t<input size=\"1\" type=\"text\" name=\"form_fields[field_2890d80]\" id=\"form-field-field_2890d80\" class=\"elementor-field elementor-size-md \" style=\"display:none !important;\">\t\t\t\t<\/div>\n\t\t\t\t\t\t\t\t<div class=\"elementor-field-type-acceptance elementor-field-group elementor-column elementor-field-group-accepto elementor-col-100 elementor-field-required elementor-mark-required\">\n\t\t\t\t\t\t\t<div class=\"elementor-field-subgroup\">\n\t\t\t<span class=\"elementor-field-option\">\n\t\t\t\t<input type=\"checkbox\" name=\"form_fields[accepto]\" id=\"form-field-accepto\" class=\"elementor-field elementor-size-md  elementor-acceptance-field\" required=\"required\">\n\t\t\t\t<label for=\"form-field-accepto\">He llegit i accepto els termes i condicions de <a href=https:\/\/www.ppspark.com\/politica-de-privacitat\/ target='_blank'><em> protecci\u00f3 de dades i pol\u00edtica de privacitat..<\/em><\/a><\/label>\t\t\t<\/span>\n\t\t<\/div>\n\t\t\t\t\t\t<\/div>\n\t\t\t\t\t\t\t\t<div class=\"elementor-field-type-acceptance elementor-field-group elementor-column elementor-field-group-tractament elementor-col-100\">\n\t\t\t\t\t\t\t<div class=\"elementor-field-subgroup\">\n\t\t\t<span class=\"elementor-field-option\">\n\t\t\t\t<input type=\"checkbox\" name=\"form_fields[tractament]\" id=\"form-field-tractament\" class=\"elementor-field elementor-size-md  elementor-acceptance-field\">\n\t\t\t\t<label for=\"form-field-tractament\">Autoritzo el tractament de les meves dades per poder rebre informaci\u00f3 per mitjans electr\u00f2nics.<\/label>\t\t\t<\/span>\n\t\t<\/div>\n\t\t\t\t\t\t<\/div>\n\t\t\t\t\t\t\t\t<div class=\"elementor-field-group elementor-column elementor-field-type-submit elementor-col-100 e-form__buttons\">\n\t\t\t\t\t<button class=\"elementor-button elementor-size-xs elementor-animation-wobble-horizontal\" type=\"submit\">\n\t\t\t\t\t\t<span class=\"elementor-button-content-wrapper\">\n\t\t\t\t\t\t\t\t\t\t\t\t\t\t\t\t\t\t\t\t\t\t<span class=\"elementor-button-text\">ENVIAR<\/span>\n\t\t\t\t\t\t\t\t\t\t\t\t\t<\/span>\n\t\t\t\t\t<\/button>\n\t\t\t\t<\/div>\n\t\t\t<\/div>\n\t\t<\/form>\n\t\t\t\t\t\t<\/div>\n\t\t\t\t<\/div>\n\t\t\t\t\t<\/div>\n\t\t<\/div>\n\t\t\t\t\t<\/div>\n\t\t<\/section>\n\t\t\t\t<\/div>\n\t\t","protected":false},"excerpt":{"rendered":"<p>Come join our team If you are a dynamic person, feel admiration for children and you are willing to take part of a project which provides illusion to kids, this is your place. We need staff to cover the needs of the theme park. Both temporary and permanent employments are offered. If you want to<br \/><a class=\"moretag\" href=\"https:\/\/www.ppspark.com\/en\/treballa-amb-nosaltres\/\">+ Read More<\/a><\/p>\n","protected":false},"author":1,"featured_media":8670,"parent":0,"menu_order":0,"comment_status":"closed","ping_status":"closed","template":"templates\/page-fullwidth_template.php","meta":{"footnotes":""},"class_list":["post-113","page","type-page","status-publish","has-post-thumbnail","hentry"],"yoast_head":"<!-- This site is optimized with the Yoast SEO plugin v27.3 - https:\/\/yoast.com\/product\/yoast-seo-wordpress\/ -->\n<title>Work with us - Pp&#039;s Park<\/title>\n<meta name=\"robots\" content=\"index, follow, max-snippet:-1, max-image-preview:large, max-video-preview:-1\" \/>\n<link rel=\"canonical\" href=\"https:\/\/www.ppspark.com\/treballa-amb-nosaltres\/\" \/>\n<meta property=\"og:locale\" content=\"en_US\" \/>\n<meta property=\"og:type\" content=\"article\" \/>\n<meta property=\"og:title\" content=\"[:ca]Treballa amb nosaltres[:es]Trabaja con nosotros[:en]Work with us[:ru]\u0420\u0430\u0431\u043e\u0442\u0430\u0442\u044c \u0441 \u043d\u0430\u043c\u0438[:] - Pp&#039;s Park\" \/>\n<meta property=\"og:description\" content=\"Come join our team If you are a dynamic person, feel admiration for children and you are willing to take part of a project which provides illusion to kids, this is your place. We need staff to cover the needs of the theme park. Both temporary and permanent employments are offered. If you want to+ Read More\" \/>\n<meta property=\"og:url\" content=\"https:\/\/www.ppspark.com\/treballa-amb-nosaltres\/\" \/>\n<meta property=\"og:site_name\" content=\"Pp&#039;s Park\" \/>\n<meta property=\"article:publisher\" content=\"https:\/\/www.facebook.com\/ppsparkplatjadaro\" \/>\n<meta property=\"article:modified_time\" content=\"2024-06-05T16:31:06+00:00\" \/>\n<meta property=\"og:image\" content=\"https:\/\/www.ppspark.com\/wp-content\/uploads\/2024\/06\/Pps-Park-Parc-dAtraccions-Platja-dAro-Treballa-amb-nosaltres-H-.jpg\" \/>\n\t<meta property=\"og:image:width\" content=\"1400\" \/>\n\t<meta property=\"og:image:height\" content=\"450\" \/>\n\t<meta property=\"og:image:type\" content=\"image\/jpeg\" \/>\n<meta name=\"twitter:card\" content=\"summary_large_image\" \/>\n<meta name=\"twitter:site\" content=\"@ppsparkoficial\" \/>\n<meta name=\"twitter:label1\" content=\"Est. reading time\" \/>\n\t<meta name=\"twitter:data1\" content=\"6 minutes\" \/>\n<script type=\"application\/ld+json\" class=\"yoast-schema-graph\">{\"@context\":\"https:\\\/\\\/schema.org\",\"@graph\":[{\"@type\":\"WebPage\",\"@id\":\"https:\\\/\\\/www.ppspark.com\\\/treballa-amb-nosaltres\\\/\",\"url\":\"https:\\\/\\\/www.ppspark.com\\\/treballa-amb-nosaltres\\\/\",\"name\":\"[:ca]Treballa amb nosaltres[:es]Trabaja con nosotros[:en]Work with us[:ru]\u0420\u0430\u0431\u043e\u0442\u0430\u0442\u044c \u0441 \u043d\u0430\u043c\u0438[:] - Pp&#039;s Park\",\"isPartOf\":{\"@id\":\"https:\\\/\\\/www.ppspark.com\\\/#website\"},\"primaryImageOfPage\":{\"@id\":\"https:\\\/\\\/www.ppspark.com\\\/treballa-amb-nosaltres\\\/#primaryimage\"},\"image\":{\"@id\":\"https:\\\/\\\/www.ppspark.com\\\/treballa-amb-nosaltres\\\/#primaryimage\"},\"thumbnailUrl\":\"https:\\\/\\\/www.ppspark.com\\\/wp-content\\\/uploads\\\/2024\\\/06\\\/Pps-Park-Parc-dAtraccions-Platja-dAro-Treballa-amb-nosaltres-H-.jpg\",\"datePublished\":\"2015-05-19T09:30:03+00:00\",\"dateModified\":\"2024-06-05T16:31:06+00:00\",\"breadcrumb\":{\"@id\":\"https:\\\/\\\/www.ppspark.com\\\/treballa-amb-nosaltres\\\/#breadcrumb\"},\"inLanguage\":\"en-US\",\"potentialAction\":[{\"@type\":\"ReadAction\",\"target\":[\"https:\\\/\\\/www.ppspark.com\\\/treballa-amb-nosaltres\\\/\"]}]},{\"@type\":\"ImageObject\",\"inLanguage\":\"en-US\",\"@id\":\"https:\\\/\\\/www.ppspark.com\\\/treballa-amb-nosaltres\\\/#primaryimage\",\"url\":\"https:\\\/\\\/www.ppspark.com\\\/wp-content\\\/uploads\\\/2024\\\/06\\\/Pps-Park-Parc-dAtraccions-Platja-dAro-Treballa-amb-nosaltres-H-.jpg\",\"contentUrl\":\"https:\\\/\\\/www.ppspark.com\\\/wp-content\\\/uploads\\\/2024\\\/06\\\/Pps-Park-Parc-dAtraccions-Platja-dAro-Treballa-amb-nosaltres-H-.jpg\",\"width\":1400,\"height\":450},{\"@type\":\"BreadcrumbList\",\"@id\":\"https:\\\/\\\/www.ppspark.com\\\/treballa-amb-nosaltres\\\/#breadcrumb\",\"itemListElement\":[{\"@type\":\"ListItem\",\"position\":1,\"name\":\"Portada\",\"item\":\"https:\\\/\\\/www.ppspark.com\\\/\"},{\"@type\":\"ListItem\",\"position\":2,\"name\":\"Trabaja con nosotros\"}]},{\"@type\":\"WebSite\",\"@id\":\"https:\\\/\\\/www.ppspark.com\\\/#website\",\"url\":\"https:\\\/\\\/www.ppspark.com\\\/\",\"name\":\"Pp&#039;s Park\",\"description\":\"Theme Park - Platja d&#039;Aro - Costa Brava\",\"publisher\":{\"@id\":\"https:\\\/\\\/www.ppspark.com\\\/#organization\"},\"potentialAction\":[{\"@type\":\"SearchAction\",\"target\":{\"@type\":\"EntryPoint\",\"urlTemplate\":\"https:\\\/\\\/www.ppspark.com\\\/?s={search_term_string}\"},\"query-input\":{\"@type\":\"PropertyValueSpecification\",\"valueRequired\":true,\"valueName\":\"search_term_string\"}}],\"inLanguage\":\"en-US\"},{\"@type\":\"Organization\",\"@id\":\"https:\\\/\\\/www.ppspark.com\\\/#organization\",\"name\":\"PP's Park\",\"url\":\"https:\\\/\\\/www.ppspark.com\\\/\",\"logo\":{\"@type\":\"ImageObject\",\"inLanguage\":\"en-US\",\"@id\":\"https:\\\/\\\/www.ppspark.com\\\/#\\\/schema\\\/logo\\\/image\\\/\",\"url\":\"https:\\\/\\\/www.ppspark.com\\\/wp-content\\\/uploads\\\/2015\\\/05\\\/Logo-PPS.png\",\"contentUrl\":\"https:\\\/\\\/www.ppspark.com\\\/wp-content\\\/uploads\\\/2015\\\/05\\\/Logo-PPS.png\",\"width\":300,\"height\":193,\"caption\":\"PP's Park\"},\"image\":{\"@id\":\"https:\\\/\\\/www.ppspark.com\\\/#\\\/schema\\\/logo\\\/image\\\/\"},\"sameAs\":[\"https:\\\/\\\/www.facebook.com\\\/ppsparkplatjadaro\",\"https:\\\/\\\/x.com\\\/ppsparkoficial\",\"https:\\\/\\\/www.instagram.com\\\/ppsparkoficial\\\/\"]}]}<\/script>\n<!-- \/ Yoast SEO plugin. -->","yoast_head_json":{"title":"[:ca]Treballa amb nosaltres[:es]Trabaja con nosotros[:en]Work with us[:ru]\u0420\u0430\u0431\u043e\u0442\u0430\u0442\u044c \u0441 \u043d\u0430\u043c\u0438[:] - Pp&#039;s Park","robots":{"index":"index","follow":"follow","max-snippet":"max-snippet:-1","max-image-preview":"max-image-preview:large","max-video-preview":"max-video-preview:-1"},"canonical":"https:\/\/www.ppspark.com\/treballa-amb-nosaltres\/","og_locale":"en_US","og_type":"article","og_title":"[:ca]Treballa amb nosaltres[:es]Trabaja con nosotros[:en]Work with us[:ru]\u0420\u0430\u0431\u043e\u0442\u0430\u0442\u044c \u0441 \u043d\u0430\u043c\u0438[:] - Pp&#039;s Park","og_description":"Come join our team If you are a dynamic person, feel admiration for children and you are willing to take part of a project which provides illusion to kids, this is your place. We need staff to cover the needs of the theme park. Both temporary and permanent employments are offered. If you want to+ Read More","og_url":"https:\/\/www.ppspark.com\/treballa-amb-nosaltres\/","og_site_name":"Pp&#039;s Park","article_publisher":"https:\/\/www.facebook.com\/ppsparkplatjadaro","article_modified_time":"2024-06-05T16:31:06+00:00","og_image":[{"width":1400,"height":450,"url":"https:\/\/www.ppspark.com\/wp-content\/uploads\/2024\/06\/Pps-Park-Parc-dAtraccions-Platja-dAro-Treballa-amb-nosaltres-H-.jpg","type":"image\/jpeg"}],"twitter_card":"summary_large_image","twitter_site":"@ppsparkoficial","twitter_misc":{"Est. reading time":"6 minutes"},"schema":{"@context":"https:\/\/schema.org","@graph":[{"@type":"WebPage","@id":"https:\/\/www.ppspark.com\/treballa-amb-nosaltres\/","url":"https:\/\/www.ppspark.com\/treballa-amb-nosaltres\/","name":"[:ca]Treballa amb nosaltres[:es]Trabaja con nosotros[:en]Work with us[:ru]\u0420\u0430\u0431\u043e\u0442\u0430\u0442\u044c \u0441 \u043d\u0430\u043c\u0438[:] - Pp&#039;s Park","isPartOf":{"@id":"https:\/\/www.ppspark.com\/#website"},"primaryImageOfPage":{"@id":"https:\/\/www.ppspark.com\/treballa-amb-nosaltres\/#primaryimage"},"image":{"@id":"https:\/\/www.ppspark.com\/treballa-amb-nosaltres\/#primaryimage"},"thumbnailUrl":"https:\/\/www.ppspark.com\/wp-content\/uploads\/2024\/06\/Pps-Park-Parc-dAtraccions-Platja-dAro-Treballa-amb-nosaltres-H-.jpg","datePublished":"2015-05-19T09:30:03+00:00","dateModified":"2024-06-05T16:31:06+00:00","breadcrumb":{"@id":"https:\/\/www.ppspark.com\/treballa-amb-nosaltres\/#breadcrumb"},"inLanguage":"en-US","potentialAction":[{"@type":"ReadAction","target":["https:\/\/www.ppspark.com\/treballa-amb-nosaltres\/"]}]},{"@type":"ImageObject","inLanguage":"en-US","@id":"https:\/\/www.ppspark.com\/treballa-amb-nosaltres\/#primaryimage","url":"https:\/\/www.ppspark.com\/wp-content\/uploads\/2024\/06\/Pps-Park-Parc-dAtraccions-Platja-dAro-Treballa-amb-nosaltres-H-.jpg","contentUrl":"https:\/\/www.ppspark.com\/wp-content\/uploads\/2024\/06\/Pps-Park-Parc-dAtraccions-Platja-dAro-Treballa-amb-nosaltres-H-.jpg","width":1400,"height":450},{"@type":"BreadcrumbList","@id":"https:\/\/www.ppspark.com\/treballa-amb-nosaltres\/#breadcrumb","itemListElement":[{"@type":"ListItem","position":1,"name":"Portada","item":"https:\/\/www.ppspark.com\/"},{"@type":"ListItem","position":2,"name":"Trabaja con nosotros"}]},{"@type":"WebSite","@id":"https:\/\/www.ppspark.com\/#website","url":"https:\/\/www.ppspark.com\/","name":"Pp&#039;s Park","description":"Theme Park - Platja d&#039;Aro - Costa Brava","publisher":{"@id":"https:\/\/www.ppspark.com\/#organization"},"potentialAction":[{"@type":"SearchAction","target":{"@type":"EntryPoint","urlTemplate":"https:\/\/www.ppspark.com\/?s={search_term_string}"},"query-input":{"@type":"PropertyValueSpecification","valueRequired":true,"valueName":"search_term_string"}}],"inLanguage":"en-US"},{"@type":"Organization","@id":"https:\/\/www.ppspark.com\/#organization","name":"PP's Park","url":"https:\/\/www.ppspark.com\/","logo":{"@type":"ImageObject","inLanguage":"en-US","@id":"https:\/\/www.ppspark.com\/#\/schema\/logo\/image\/","url":"https:\/\/www.ppspark.com\/wp-content\/uploads\/2015\/05\/Logo-PPS.png","contentUrl":"https:\/\/www.ppspark.com\/wp-content\/uploads\/2015\/05\/Logo-PPS.png","width":300,"height":193,"caption":"PP's Park"},"image":{"@id":"https:\/\/www.ppspark.com\/#\/schema\/logo\/image\/"},"sameAs":["https:\/\/www.facebook.com\/ppsparkplatjadaro","https:\/\/x.com\/ppsparkoficial","https:\/\/www.instagram.com\/ppsparkoficial\/"]}]}},"_links":{"self":[{"href":"https:\/\/www.ppspark.com\/en\/wp-json\/wp\/v2\/pages\/113","targetHints":{"allow":["GET"]}}],"collection":[{"href":"https:\/\/www.ppspark.com\/en\/wp-json\/wp\/v2\/pages"}],"about":[{"href":"https:\/\/www.ppspark.com\/en\/wp-json\/wp\/v2\/types\/page"}],"author":[{"embeddable":true,"href":"https:\/\/www.ppspark.com\/en\/wp-json\/wp\/v2\/users\/1"}],"replies":[{"embeddable":true,"href":"https:\/\/www.ppspark.com\/en\/wp-json\/wp\/v2\/comments?post=113"}],"version-history":[{"count":0,"href":"https:\/\/www.ppspark.com\/en\/wp-json\/wp\/v2\/pages\/113\/revisions"}],"wp:featuredmedia":[{"embeddable":true,"href":"https:\/\/www.ppspark.com\/en\/wp-json\/wp\/v2\/media\/8670"}],"wp:attachment":[{"href":"https:\/\/www.ppspark.com\/en\/wp-json\/wp\/v2\/media?parent=113"}],"curies":[{"name":"wp","href":"https:\/\/api.w.org\/{rel}","templated":true}]}}