{"id":1197,"date":"2016-03-17T17:26:41","date_gmt":"2016-03-17T17:26:41","guid":{"rendered":"http:\/\/ppspark.com\/?page_id=1197"},"modified":"2024-06-21T12:31:56","modified_gmt":"2024-06-21T10:31:56","slug":"client-vip","status":"publish","type":"page","link":"https:\/\/www.ppspark.com\/es\/client-vip\/","title":{"rendered":"Cliente VIP"},"content":{"rendered":"\t\t<div data-elementor-type=\"wp-page\" data-elementor-id=\"1197\" class=\"elementor elementor-1197\" data-elementor-post-type=\"page\">\n\t\t\t\t\t\t<section class=\"elementor-section elementor-top-section elementor-element elementor-element-3d143c2f elementor-section-full_width elementor-section-height-default elementor-section-height-default\" data-id=\"3d143c2f\" data-element_type=\"section\" data-e-type=\"section\">\n\t\t\t\t\t\t<div class=\"elementor-container elementor-column-gap-no\">\n\t\t\t\t\t<div class=\"elementor-column elementor-col-100 elementor-top-column elementor-element elementor-element-4ff75612\" data-id=\"4ff75612\" data-element_type=\"column\" data-e-type=\"column\">\n\t\t\t<div class=\"elementor-widget-wrap elementor-element-populated\">\n\t\t\t\t\t\t<div class=\"elementor-element elementor-element-c3600c4 elementor-widget elementor-widget-heading\" data-id=\"c3600c4\" data-element_type=\"widget\" data-e-type=\"widget\" data-widget_type=\"heading.default\">\n\t\t\t\t<div class=\"elementor-widget-container\">\n\t\t\t\t\t<h2 class=\"elementor-heading-title elementor-size-default\">\u00bfQu\u00e9 es un cliente VIP?<\/h2>\t\t\t\t<\/div>\n\t\t\t\t<\/div>\n\t\t\t\t<div class=\"elementor-element elementor-element-1e21378 elementor-widget elementor-widget-text-editor\" data-id=\"1e21378\" data-element_type=\"widget\" data-e-type=\"widget\" data-widget_type=\"text-editor.default\">\n\t\t\t\t<div class=\"elementor-widget-container\">\n\t\t\t\t\t\t\t\t\t<p>Si has consumido con tu tarjeta <strong>100\u20ac<\/strong> de diversi\u00f3n, ya eres un <strong>cliente VIP Pp\u2019s Park<\/strong>.<\/p>\t\t\t\t\t\t\t\t<\/div>\n\t\t\t\t<\/div>\n\t\t\t\t<div class=\"elementor-element elementor-element-32a0b1e elementor-widget elementor-widget-heading\" data-id=\"32a0b1e\" data-element_type=\"widget\" data-e-type=\"widget\" data-widget_type=\"heading.default\">\n\t\t\t\t<div class=\"elementor-widget-container\">\n\t\t\t\t\t<h2 class=\"elementor-heading-title elementor-size-default\">\u00bfQu\u00e9 ventajas tiene el cliente VIP?<\/h2>\t\t\t\t<\/div>\n\t\t\t\t<\/div>\n\t\t\t\t<div class=\"elementor-element elementor-element-c9399d6 elementor-widget elementor-widget-text-editor\" data-id=\"c9399d6\" data-element_type=\"widget\" data-e-type=\"widget\" data-widget_type=\"text-editor.default\">\n\t\t\t\t<div class=\"elementor-widget-container\">\n\t\t\t\t\t\t\t\t\t<p>Un descuento que no podr\u00e1s pasar por alto\u2026<\/p>\t\t\t\t\t\t\t\t<\/div>\n\t\t\t\t<\/div>\n\t\t\t\t<div class=\"elementor-element elementor-element-1853d2b elementor-widget elementor-widget-text-editor\" data-id=\"1853d2b\" data-element_type=\"widget\" data-e-type=\"widget\" data-widget_type=\"text-editor.default\">\n\t\t\t\t<div class=\"elementor-widget-container\">\n\t\t\t\t\t\t\t\t\t<p><strong>10% de descuento en todas las atracciones del parque<\/strong><\/p>\t\t\t\t\t\t\t\t<\/div>\n\t\t\t\t<\/div>\n\t\t\t\t<div class=\"elementor-element elementor-element-2890fdf elementor-widget elementor-widget-text-editor\" data-id=\"2890fdf\" data-element_type=\"widget\" data-e-type=\"widget\" data-widget_type=\"text-editor.default\">\n\t\t\t\t<div class=\"elementor-widget-container\">\n\t\t\t\t\t\t\t\t\t<p>As\u00ed, cada vez que pases la tarjeta por el dispositivo de entrada de cada atracci\u00f3n, ver\u00e1s reflejado el precio normal y el precio de cliente VIP.<br \/>Ya ves, ser cliente VIP es una gran ventaja\u2026 \u00a1menos dinero, m\u00e1s tiempo de diversi\u00f3n!<\/p>\t\t\t\t\t\t\t\t<\/div>\n\t\t\t\t<\/div>\n\t\t\t\t<div class=\"elementor-element elementor-element-3c53c95 elementor-widget elementor-widget-image\" data-id=\"3c53c95\" data-element_type=\"widget\" data-e-type=\"widget\" data-widget_type=\"image.default\">\n\t\t\t\t<div class=\"elementor-widget-container\">\n\t\t\t\t\t\t\t\t\t\t\t\t\t\t\t<img fetchpriority=\"high\" decoding=\"async\" width=\"1300\" height=\"607\" src=\"https:\/\/www.ppspark.com\/wp-content\/uploads\/2024\/06\/Pps-Park-Parc-datraccions-Platja-dAro-Client-VIP-Tarja.jpg\" class=\"attachment-full size-full wp-image-9483\" alt=\"\" srcset=\"https:\/\/www.ppspark.com\/wp-content\/uploads\/2024\/06\/Pps-Park-Parc-datraccions-Platja-dAro-Client-VIP-Tarja.jpg 1300w, https:\/\/www.ppspark.com\/wp-content\/uploads\/2024\/06\/Pps-Park-Parc-datraccions-Platja-dAro-Client-VIP-Tarja-300x140.jpg 300w, https:\/\/www.ppspark.com\/wp-content\/uploads\/2024\/06\/Pps-Park-Parc-datraccions-Platja-dAro-Client-VIP-Tarja-768x359.jpg 768w\" sizes=\"(max-width: 1300px) 100vw, 1300px\" \/>\t\t\t\t\t\t\t\t\t\t\t\t\t\t\t<\/div>\n\t\t\t\t<\/div>\n\t\t\t\t\t<\/div>\n\t\t<\/div>\n\t\t\t\t\t<\/div>\n\t\t<\/section>\n\t\t\t\t<\/div>\n\t\t","protected":false},"excerpt":{"rendered":"<p>\u00bfQu\u00e9 es un cliente VIP? Si has consumido con tu tarjeta 100\u20ac de diversi\u00f3n, ya eres un cliente VIP Pp\u2019s Park. \u00bfQu\u00e9 ventajas tiene el cliente VIP? Un descuento que no podr\u00e1s pasar por alto\u2026 10% de descuento en todas las atracciones del parque As\u00ed, cada vez que pases la tarjeta por el dispositivo de<br \/><a class=\"moretag\" href=\"https:\/\/www.ppspark.com\/es\/client-vip\/\">+ Read More<\/a><\/p>\n","protected":false},"author":1,"featured_media":8691,"parent":0,"menu_order":0,"comment_status":"closed","ping_status":"closed","template":"templates\/page-fullwidth_template.php","meta":{"footnotes":""},"class_list":["post-1197","page","type-page","status-publish","has-post-thumbnail","hentry"],"yoast_head":"<!-- This site is optimized with the Yoast SEO plugin v27.4 - https:\/\/yoast.com\/product\/yoast-seo-wordpress\/ -->\n<title>Cliente VIP - Pp&#039;s Park<\/title>\n<meta name=\"robots\" content=\"index, follow, max-snippet:-1, max-image-preview:large, max-video-preview:-1\" \/>\n<link rel=\"canonical\" href=\"https:\/\/www.ppspark.com\/client-vip\/\" \/>\n<meta property=\"og:locale\" content=\"es_ES\" \/>\n<meta property=\"og:type\" content=\"article\" \/>\n<meta property=\"og:title\" content=\"[:ca]Client VIP[:es]Cliente VIP[:en]VIP Client[:] - Pp&#039;s Park\" \/>\n<meta property=\"og:description\" content=\"\u00bfQu\u00e9 es un cliente VIP? Si has consumido con tu tarjeta 100\u20ac de diversi\u00f3n, ya eres un cliente VIP Pp\u2019s Park. \u00bfQu\u00e9 ventajas tiene el cliente VIP? Un descuento que no podr\u00e1s pasar por alto\u2026 10% de descuento en todas las atracciones del parque As\u00ed, cada vez que pases la tarjeta por el dispositivo de+ Read More\" \/>\n<meta property=\"og:url\" content=\"https:\/\/www.ppspark.com\/client-vip\/\" \/>\n<meta property=\"og:site_name\" content=\"Pp&#039;s Park\" \/>\n<meta property=\"article:publisher\" content=\"https:\/\/www.facebook.com\/ppsparkplatjadaro\" \/>\n<meta property=\"article:modified_time\" content=\"2024-06-21T10:31:56+00:00\" \/>\n<meta property=\"og:image\" content=\"https:\/\/www.ppspark.com\/wp-content\/uploads\/2024\/06\/Pps-Park-Parc-dAtraccions-Platja-dAro-Client-VIP-H-.jpg\" \/>\n\t<meta property=\"og:image:width\" content=\"1400\" \/>\n\t<meta property=\"og:image:height\" content=\"450\" \/>\n\t<meta property=\"og:image:type\" content=\"image\/jpeg\" \/>\n<meta name=\"twitter:card\" content=\"summary_large_image\" \/>\n<meta name=\"twitter:site\" content=\"@ppsparkoficial\" \/>\n<meta name=\"twitter:label1\" content=\"Tiempo de lectura\" \/>\n\t<meta name=\"twitter:data1\" content=\"2 minutos\" \/>\n<script type=\"application\/ld+json\" class=\"yoast-schema-graph\">{\"@context\":\"https:\\\/\\\/schema.org\",\"@graph\":[{\"@type\":\"WebPage\",\"@id\":\"https:\\\/\\\/www.ppspark.com\\\/client-vip\\\/\",\"url\":\"https:\\\/\\\/www.ppspark.com\\\/client-vip\\\/\",\"name\":\"[:ca]Client VIP[:es]Cliente VIP[:en]VIP Client[:] - Pp&#039;s Park\",\"isPartOf\":{\"@id\":\"https:\\\/\\\/www.ppspark.com\\\/#website\"},\"primaryImageOfPage\":{\"@id\":\"https:\\\/\\\/www.ppspark.com\\\/client-vip\\\/#primaryimage\"},\"image\":{\"@id\":\"https:\\\/\\\/www.ppspark.com\\\/client-vip\\\/#primaryimage\"},\"thumbnailUrl\":\"https:\\\/\\\/www.ppspark.com\\\/wp-content\\\/uploads\\\/2024\\\/06\\\/Pps-Park-Parc-dAtraccions-Platja-dAro-Client-VIP-H-.jpg\",\"datePublished\":\"2016-03-17T17:26:41+00:00\",\"dateModified\":\"2024-06-21T10:31:56+00:00\",\"breadcrumb\":{\"@id\":\"https:\\\/\\\/www.ppspark.com\\\/client-vip\\\/#breadcrumb\"},\"inLanguage\":\"es\",\"potentialAction\":[{\"@type\":\"ReadAction\",\"target\":[\"https:\\\/\\\/www.ppspark.com\\\/client-vip\\\/\"]}]},{\"@type\":\"ImageObject\",\"inLanguage\":\"es\",\"@id\":\"https:\\\/\\\/www.ppspark.com\\\/client-vip\\\/#primaryimage\",\"url\":\"https:\\\/\\\/www.ppspark.com\\\/wp-content\\\/uploads\\\/2024\\\/06\\\/Pps-Park-Parc-dAtraccions-Platja-dAro-Client-VIP-H-.jpg\",\"contentUrl\":\"https:\\\/\\\/www.ppspark.com\\\/wp-content\\\/uploads\\\/2024\\\/06\\\/Pps-Park-Parc-dAtraccions-Platja-dAro-Client-VIP-H-.jpg\",\"width\":1400,\"height\":450},{\"@type\":\"BreadcrumbList\",\"@id\":\"https:\\\/\\\/www.ppspark.com\\\/client-vip\\\/#breadcrumb\",\"itemListElement\":[{\"@type\":\"ListItem\",\"position\":1,\"name\":\"Portada\",\"item\":\"https:\\\/\\\/www.ppspark.com\\\/\"},{\"@type\":\"ListItem\",\"position\":2,\"name\":\"Cliente VIP\"}]},{\"@type\":\"WebSite\",\"@id\":\"https:\\\/\\\/www.ppspark.com\\\/#website\",\"url\":\"https:\\\/\\\/www.ppspark.com\\\/\",\"name\":\"Pp&#039;s Park\",\"description\":\"Parque de Atracciones - Platja d&#039;Aro - Costa Brava\",\"publisher\":{\"@id\":\"https:\\\/\\\/www.ppspark.com\\\/#organization\"},\"potentialAction\":[{\"@type\":\"SearchAction\",\"target\":{\"@type\":\"EntryPoint\",\"urlTemplate\":\"https:\\\/\\\/www.ppspark.com\\\/?s={search_term_string}\"},\"query-input\":{\"@type\":\"PropertyValueSpecification\",\"valueRequired\":true,\"valueName\":\"search_term_string\"}}],\"inLanguage\":\"es\"},{\"@type\":\"Organization\",\"@id\":\"https:\\\/\\\/www.ppspark.com\\\/#organization\",\"name\":\"PP's Park\",\"url\":\"https:\\\/\\\/www.ppspark.com\\\/\",\"logo\":{\"@type\":\"ImageObject\",\"inLanguage\":\"es\",\"@id\":\"https:\\\/\\\/www.ppspark.com\\\/#\\\/schema\\\/logo\\\/image\\\/\",\"url\":\"https:\\\/\\\/www.ppspark.com\\\/wp-content\\\/uploads\\\/2015\\\/05\\\/Logo-PPS.png\",\"contentUrl\":\"https:\\\/\\\/www.ppspark.com\\\/wp-content\\\/uploads\\\/2015\\\/05\\\/Logo-PPS.png\",\"width\":300,\"height\":193,\"caption\":\"PP's Park\"},\"image\":{\"@id\":\"https:\\\/\\\/www.ppspark.com\\\/#\\\/schema\\\/logo\\\/image\\\/\"},\"sameAs\":[\"https:\\\/\\\/www.facebook.com\\\/ppsparkplatjadaro\",\"https:\\\/\\\/x.com\\\/ppsparkoficial\",\"https:\\\/\\\/www.instagram.com\\\/ppsparkoficial\\\/\"]}]}<\/script>\n<!-- \/ Yoast SEO plugin. -->","yoast_head_json":{"title":"[:ca]Client VIP[:es]Cliente VIP[:en]VIP Client[:] - Pp&#039;s Park","robots":{"index":"index","follow":"follow","max-snippet":"max-snippet:-1","max-image-preview":"max-image-preview:large","max-video-preview":"max-video-preview:-1"},"canonical":"https:\/\/www.ppspark.com\/client-vip\/","og_locale":"es_ES","og_type":"article","og_title":"[:ca]Client VIP[:es]Cliente VIP[:en]VIP Client[:] - Pp&#039;s Park","og_description":"\u00bfQu\u00e9 es un cliente VIP? Si has consumido con tu tarjeta 100\u20ac de diversi\u00f3n, ya eres un cliente VIP Pp\u2019s Park. \u00bfQu\u00e9 ventajas tiene el cliente VIP? Un descuento que no podr\u00e1s pasar por alto\u2026 10% de descuento en todas las atracciones del parque As\u00ed, cada vez que pases la tarjeta por el dispositivo de+ Read More","og_url":"https:\/\/www.ppspark.com\/client-vip\/","og_site_name":"Pp&#039;s Park","article_publisher":"https:\/\/www.facebook.com\/ppsparkplatjadaro","article_modified_time":"2024-06-21T10:31:56+00:00","og_image":[{"width":1400,"height":450,"url":"https:\/\/www.ppspark.com\/wp-content\/uploads\/2024\/06\/Pps-Park-Parc-dAtraccions-Platja-dAro-Client-VIP-H-.jpg","type":"image\/jpeg"}],"twitter_card":"summary_large_image","twitter_site":"@ppsparkoficial","twitter_misc":{"Tiempo de lectura":"2 minutos"},"schema":{"@context":"https:\/\/schema.org","@graph":[{"@type":"WebPage","@id":"https:\/\/www.ppspark.com\/client-vip\/","url":"https:\/\/www.ppspark.com\/client-vip\/","name":"[:ca]Client VIP[:es]Cliente VIP[:en]VIP Client[:] - Pp&#039;s Park","isPartOf":{"@id":"https:\/\/www.ppspark.com\/#website"},"primaryImageOfPage":{"@id":"https:\/\/www.ppspark.com\/client-vip\/#primaryimage"},"image":{"@id":"https:\/\/www.ppspark.com\/client-vip\/#primaryimage"},"thumbnailUrl":"https:\/\/www.ppspark.com\/wp-content\/uploads\/2024\/06\/Pps-Park-Parc-dAtraccions-Platja-dAro-Client-VIP-H-.jpg","datePublished":"2016-03-17T17:26:41+00:00","dateModified":"2024-06-21T10:31:56+00:00","breadcrumb":{"@id":"https:\/\/www.ppspark.com\/client-vip\/#breadcrumb"},"inLanguage":"es","potentialAction":[{"@type":"ReadAction","target":["https:\/\/www.ppspark.com\/client-vip\/"]}]},{"@type":"ImageObject","inLanguage":"es","@id":"https:\/\/www.ppspark.com\/client-vip\/#primaryimage","url":"https:\/\/www.ppspark.com\/wp-content\/uploads\/2024\/06\/Pps-Park-Parc-dAtraccions-Platja-dAro-Client-VIP-H-.jpg","contentUrl":"https:\/\/www.ppspark.com\/wp-content\/uploads\/2024\/06\/Pps-Park-Parc-dAtraccions-Platja-dAro-Client-VIP-H-.jpg","width":1400,"height":450},{"@type":"BreadcrumbList","@id":"https:\/\/www.ppspark.com\/client-vip\/#breadcrumb","itemListElement":[{"@type":"ListItem","position":1,"name":"Portada","item":"https:\/\/www.ppspark.com\/"},{"@type":"ListItem","position":2,"name":"Cliente VIP"}]},{"@type":"WebSite","@id":"https:\/\/www.ppspark.com\/#website","url":"https:\/\/www.ppspark.com\/","name":"Pp&#039;s Park","description":"Parque de Atracciones - Platja d&#039;Aro - Costa Brava","publisher":{"@id":"https:\/\/www.ppspark.com\/#organization"},"potentialAction":[{"@type":"SearchAction","target":{"@type":"EntryPoint","urlTemplate":"https:\/\/www.ppspark.com\/?s={search_term_string}"},"query-input":{"@type":"PropertyValueSpecification","valueRequired":true,"valueName":"search_term_string"}}],"inLanguage":"es"},{"@type":"Organization","@id":"https:\/\/www.ppspark.com\/#organization","name":"PP's Park","url":"https:\/\/www.ppspark.com\/","logo":{"@type":"ImageObject","inLanguage":"es","@id":"https:\/\/www.ppspark.com\/#\/schema\/logo\/image\/","url":"https:\/\/www.ppspark.com\/wp-content\/uploads\/2015\/05\/Logo-PPS.png","contentUrl":"https:\/\/www.ppspark.com\/wp-content\/uploads\/2015\/05\/Logo-PPS.png","width":300,"height":193,"caption":"PP's Park"},"image":{"@id":"https:\/\/www.ppspark.com\/#\/schema\/logo\/image\/"},"sameAs":["https:\/\/www.facebook.com\/ppsparkplatjadaro","https:\/\/x.com\/ppsparkoficial","https:\/\/www.instagram.com\/ppsparkoficial\/"]}]}},"_links":{"self":[{"href":"https:\/\/www.ppspark.com\/es\/wp-json\/wp\/v2\/pages\/1197","targetHints":{"allow":["GET"]}}],"collection":[{"href":"https:\/\/www.ppspark.com\/es\/wp-json\/wp\/v2\/pages"}],"about":[{"href":"https:\/\/www.ppspark.com\/es\/wp-json\/wp\/v2\/types\/page"}],"author":[{"embeddable":true,"href":"https:\/\/www.ppspark.com\/es\/wp-json\/wp\/v2\/users\/1"}],"replies":[{"embeddable":true,"href":"https:\/\/www.ppspark.com\/es\/wp-json\/wp\/v2\/comments?post=1197"}],"version-history":[{"count":0,"href":"https:\/\/www.ppspark.com\/es\/wp-json\/wp\/v2\/pages\/1197\/revisions"}],"wp:featuredmedia":[{"embeddable":true,"href":"https:\/\/www.ppspark.com\/es\/wp-json\/wp\/v2\/media\/8691"}],"wp:attachment":[{"href":"https:\/\/www.ppspark.com\/es\/wp-json\/wp\/v2\/media?parent=1197"}],"curies":[{"name":"wp","href":"https:\/\/api.w.org\/{rel}","templated":true}]}}