{"id":3065,"date":"2018-03-07T18:15:36","date_gmt":"2018-03-07T17:15:36","guid":{"rendered":"http:\/\/ppspark.com\/?page_id=3065"},"modified":"2024-10-25T15:51:10","modified_gmt":"2024-10-25T13:51:10","slug":"politica-de-privacitat","status":"publish","type":"page","link":"https:\/\/www.ppspark.com\/es\/politica-de-privacitat\/","title":{"rendered":"Pol\u00edtica de privacidad"},"content":{"rendered":"<p><\/p>\n<p style=\"text-align: justify;\"><strong>Rising Pop S.L.<\/strong> se compromete a proteger la privacidad de los usuarios que accedan a esta web y\/o cualquiera de sus servicios.<\/p>\n<p style=\"text-align: justify;\">La utilizaci\u00f3n de la web y\/o de cualquiera de los servicios ofrecidos por\u00a0<strong>Rising Pop S.L. <\/strong>implica la aceptaci\u00f3n por el usuario de las disposiciones contenidas en la presente Pol\u00edtica de Privacidad y que sus datos personales sean tratados seg\u00fan se estipula en ella.<\/p>\n<p style=\"text-align: justify;\">Hay que tener en cuenta que a pesar de que pueda haber enlaces de nuestra web a otras webs o redes sociales, esta Pol\u00edtica de Privacidad no se aplica a las webs de otras compa\u00f1\u00edas u organizaciones a las que la web est\u00e9 redirigida.\u00a0<strong>Rising Pop S.L.<\/strong> no controla el contenido de las webs de terceros, ni acepta cualquier responsabilidad por el contenido o las pol\u00edticas de privacidad de estas webs.<\/p>\n<h4 style=\"text-align: center;\">Informaci\u00f3n b\u00e1sica sobre el tratamiento de datos (Reglamento (UE) 2016\/679)<\/h4>\n<table style=\"height: 178px; width: 100%; border-collapse: collapse; border-style: none; background-color: #f1f2f3;\" cellpadding=\"0\">\n<tbody>\n<tr style=\"height: 24px;\">\n<td style=\"width: 25.9991%; height: 24px;\"><span style=\"font-size: 9pt;\"><strong>Responsable del tratamiento<\/strong><\/span><\/td>\n<td style=\"width: 73.8797%; height: 24px;\"><span style=\"font-size: 9pt;\"><strong>Rising Pop S.L.<\/strong><br \/>\nCIF: <strong>B63703888<\/strong><br \/>\n<strong>Avenida S&#8217;Agar\u00f3, 110. 17250 Platja d&#8217;Aro. Girona.<br \/>\n<\/strong><a href=\"mailto:info@ppspark.com\"><strong>info@ppspark.com<\/strong><\/a><\/span><\/td>\n<\/tr>\n<tr style=\"height: 24px;\">\n<td style=\"width: 25.9991%; height: 24px;\"><strong><span style=\"font-size: 9pt;\">Finalidad del tratamiento<\/span><\/strong><\/td>\n<td style=\"width: 73.8797%; height: 24px;\"><span style=\"font-size: 9pt;\">Ofrecer y gestionar nuestros servicios.<\/span><\/td>\n<\/tr>\n<tr style=\"height: 24px;\">\n<td style=\"width: 25.9991%; height: 10px;\"><span style=\"font-size: 9pt;\"><strong>Legitimaci\u00f3n<\/strong><\/span><\/td>\n<td style=\"width: 73.8797%; height: 10px;\"><span style=\"font-size: 9pt;\">Consentimiento obtenido del interesado.<br \/>\n<\/span><span style=\"font-size: 9pt;\">Ejecuci\u00f3n del contrato de servicios.<\/span><\/td>\n<\/tr>\n<tr style=\"height: 24px;\">\n<td style=\"width: 25.9991%; height: 24px;\"><span style=\"font-size: 9pt;\"><strong>Destinatarios<\/strong><\/span><\/td>\n<td style=\"width: 73.8797%; text-align: justify; height: 24px;\"><span style=\"font-size: 9pt;\">Los datos no ser\u00e1n comunicados a terceros, salvo que lo exija una Ley o sea necesario para cumplir con la finalidad del tratamiento.<\/span><\/td>\n<\/tr>\n<tr style=\"height: 24px;\">\n<td style=\"width: 25.9991%; height: 24px;\"><span style=\"font-size: 9pt;\"><strong>Derechos de les personas<\/strong><\/span><\/td>\n<td style=\"width: 73.8797%; text-align: justify; height: 24px;\"><span style=\"font-size: 9pt;\">Los interesados tienen derecho a ejercer los derechos de acceso, rectificaci\u00f3n, limitaci\u00f3n de tratamiento, supresi\u00f3n, portabilidad y oposici\u00f3n, enviando su solicitud a nuestra direcci\u00f3n.<\/span><\/td>\n<\/tr>\n<tr style=\"height: 24px;\">\n<td style=\"width: 25.9991%; height: 24px;\"><span style=\"font-size: 9pt;\"><strong>Plazo de conservaci\u00f3n de los datos<br \/>\n<\/strong><\/span><\/td>\n<td style=\"width: 73.8797%; text-align: justify; height: 24px;\"><span style=\"font-size: 9pt;\">Mientras se mantenga la relaci\u00f3n comercial o durante los a\u00f1os necesarios para cumplir con las obligaciones legales.<\/span><\/td>\n<\/tr>\n<tr style=\"height: 24px;\">\n<td style=\"width: 25.9991%; height: 24px;\"><span style=\"font-size: 9pt;\"><strong>Reclamaci\u00f3n<\/strong><\/span><\/td>\n<td style=\"width: 73.8797%; text-align: justify; height: 24px;\"><span style=\"font-size: 9pt;\">Los interesados pueden dirigirse a la AEPD para presentar la reclamaci\u00f3n que considere oportuna.<\/span><\/td>\n<\/tr>\n<tr style=\"height: 24px;\">\n<td style=\"width: 25.9991%; height: 24px;\"><span style=\"font-size: 9pt;\"><strong>Informaci\u00f3n adicional<\/strong><\/span><\/td>\n<td style=\"width: 73.8797%; text-align: justify; height: 24px;\"><span style=\"font-size: 9pt;\">Puede consultar la informaci\u00f3n adicional y detallada a continuaci\u00f3n en las \u00abPreguntas sobre privacidad\u00bb.<\/span><\/td>\n<\/tr>\n<\/tbody>\n<\/table>\n<h3 style=\"text-align: center;\">Preguntas sobre privacidad<\/h3>\n<p style=\"text-align: justify;\">En cumplimiento del Reglamento (UE) 2016\/679 del Parlamento Europeo y del Consejo, de 27 de abril de 2016, (RGPD), le ofrecemos la siguiente informaci\u00f3n sobre el tratamiento de sus datos personales:<\/p>\n<h4>\u00bfQui\u00e9n es el responsable del tratamiento de sus datos?<\/h4>\n<p>Identidad: <strong>Rising Pop S.L.<\/strong><strong><br \/>\n<\/strong>CIF: <strong>B63703888<br \/>\n<\/strong>Direcci\u00f3n: <strong>Avenida S&#8217;Agar\u00f3, 110. 17250 Platja d&#8217;Aro. Girona.<br \/>\n<\/strong>Correo electr\u00f3nico: <strong><a href=\"mailto:info@ppspark.com\">info@ppspark.com<\/a><\/strong><\/p>\n<h4>\u00bfCon qu\u00e9 finalidad tratamos sus datos personales?<\/h4>\n<ul>\n<li style=\"text-align: justify;\">Tratamos la informaci\u00f3n que se nos facilita para gestionar nuestros servicios.<\/li>\n<li style=\"text-align: justify;\">En el caso de que se ponga en contacto con nosotros a trav\u00e9s del formulario de contacto de nuestra p\u00e1gina web los trataremos para gestionar su consulta.<\/li>\n<li style=\"text-align: justify;\">Si nos da su consentimiento tambi\u00e9n podremos tratar sus datos para enviarle informaci\u00f3n sobre nuestras actividades, productos o servicios.<\/li>\n<li>Al acceder a nuestras instalaciones su imagen puede ser registrada mediante c\u00e1maras de videovigilancia con fines de control de seguridad.<\/li>\n<li>Si nos env\u00eda un curr\u00edculum, trataremos los datos con el fin de gestionar la base de CV &#8216;s para la selecci\u00f3n de personal.<\/li>\n<\/ul>\n<h4>\u00bfCu\u00e1nto tiempo conservaremos sus datos?<\/h4>\n<ul>\n<li style=\"text-align: justify;\">Los datos personales proporcionados se conservar\u00e1n mientras sea usuario de nuestros servicios o quiera recibir informaci\u00f3n, y luego, durante los plazos establecidos para cumplir con nuestras obligaciones legales.<\/li>\n<li>Las im\u00e1genes captadas por el sistema de videovigilancia se conservar\u00e1n durante un mes.<\/li>\n<li>En el caso de los curr\u00edculums los datos se conservar\u00e1n durante un a\u00f1o.<\/li>\n<\/ul>\n<h4>\u00bfCu\u00e1l es la legitimaci\u00f3n para el tratamiento de sus datos?<\/h4>\n<p style=\"text-align: justify;\">La legitimaci\u00f3n para tratarlos se encuentra en la ejecuci\u00f3n del contrato de servicios y en los consentimientos que nos da.<\/p>\n<p style=\"text-align: justify;\">Respecto a aquella informaci\u00f3n que sea remitida por menores de 16 a\u00f1os, ser\u00e1 requisito imprescindible que se haga con el consentimiento paterno, del tutor o del legal representante del menor para que los datos personales puedan ser objeto de tratamiento. Si no es as\u00ed, el representante legal del menor nos lo comunicar\u00e1 tan pronto como tenga conocimiento.<\/p>\n<p style=\"text-align: justify;\">En cuanto a la captaci\u00f3n de im\u00e1genes por el sistema de videovigilancia, la legitimaci\u00f3n bien dada por el inter\u00e9s leg\u00edtimo de preservar la seguridad de las personas y bienes.<\/p>\n<h4>\u00bfA qu\u00e9 destinatarios se comunicar\u00e1n sus datos?<\/h4>\n<p style=\"text-align: justify;\">Los datos no ser\u00e1n comunicados a terceros, salvo que lo exija una Ley o sea necesario para cumplir con la finalidad del tratamiento.<\/p>\n<h4>\u00bfCu\u00e1les son sus derechos cuando nos facilita sus datos?<\/h4>\n<ul>\n<li style=\"text-align: justify;\">Cualquier persona tiene derecho a obtener confirmaci\u00f3n sobre si estamos tratando o no sus datos personales.<\/li>\n<li style=\"text-align: justify;\">Los interesados tienen derecho a acceder a sus datos personales, as\u00ed como a solicitar la rectificaci\u00f3n de los datos inexactos o, en su caso, solicitar su supresi\u00f3n cuando, entre otros motivos, los datos ya no sean necesarios para las finalidades para las que se recogieron.<\/li>\n<li style=\"text-align: justify;\">En determinadas circunstancias los interesados podr\u00e1n solicitar la limitaci\u00f3n del tratamiento de sus datos, en este caso \u00fanicamente los conservaremos para el ejercicio o la defensa de reclamaciones.<\/li>\n<li style=\"text-align: justify;\">Tambi\u00e9n, en determinadas circunstancias y por motivos relacionados con su situaci\u00f3n particular, los interesados pueden oponerse al tratamiento de sus datos. En este caso dejaremos de tratar los datos, excepto por motivos leg\u00edtimos imperiosos o para el ejercicio o la defensa de posibles reclamaciones.<\/li>\n<li style=\"text-align: justify;\">Los interesados tambi\u00e9n tienen derecho a la portabilidad de sus datos.<\/li>\n<li style=\"text-align: justify;\">Finalmente, los interesados tienen derecho a presentar una reclamaci\u00f3n ante la Autoridad de Control competente.<\/li>\n<\/ul>\n<h4>\u00bfC\u00f3mo puede ejercer sus derechos?<\/h4>\n<p style=\"text-align: justify;\">Enviando un escrito adjuntando una copia de un documento que lo identifique, a nuestra direcci\u00f3n f\u00edsica o la electr\u00f3nica.<\/p>\n<h4>\u00bfC\u00f3mo hemos obtenido sus datos?<\/h4>\n<p style=\"text-align: justify;\">Los datos personales que tratamos proceden del propio interesado. El interesado garantiza que los datos personales facilitados son ciertos y se hace responsable de comunicar cualquier modificaci\u00f3n de estos. Los datos que est\u00e9n marcados con un asterisco ser\u00e1n obligatorios para poder darle el servicio solicitado.<\/p>\n<h4>\u00bfQu\u00e9 datos tratamos?<\/h4>\n<p>Las categor\u00edas de datos que podemos tratar en la prestaci\u00f3n de nuestros servicios son:<\/p>\n<ul>\n<li>Datos de car\u00e1cter identificativo.<\/li>\n<li>Direcciones postales o electr\u00f3nicas.<\/li>\n<\/ul>\n<p>En el caso del sistema de videovigilancia:<\/p>\n<ul>\n<li>Imagen.<\/li>\n<\/ul>\n<p>En el caso de los curr\u00edculos, tambi\u00e9n:<\/p>\n<ul>\n<li>Caracter\u00edsticas personales.<\/li>\n<li>Acad\u00e9micos y profesionales<\/li>\n<\/ul>\n<p style=\"text-align: justify;\">Los datos son limitados, dado que \u00fanicamente tratamos los datos necesarios para la prestaci\u00f3n de nuestros servicios y la gesti\u00f3n de nuestra actividad.<\/p>\n<h4>\u00bfUsamos cookies?<\/h4>\n<p style=\"text-align: justify;\">Utilizamos cookies durante la navegaci\u00f3n en nuestra web con el consentimiento del usuario.<\/p>\n<p style=\"text-align: justify;\">El usuario puede configurar su navegador para ser avisado de la utilizaci\u00f3n de cookies y para evitar su uso. Por favor, visite nuestra <a href=\"https:\/\/www.ppspark.com\/politica-de-cookies\/\"><strong>pol\u00edtica de cookies<\/strong><\/a>.<\/p>\n<h4>\u00bfQu\u00e9 medidas de seguridad aplicamos?<\/h4>\n<p style=\"text-align: justify;\">Aplicamos las medidas de seguridad establecidas en el art\u00edculo 32 del RGPD, por tanto, hemos adoptado las medidas de seguridad necesarias para garantizar un nivel de seguridad adecuado al riesgo del tratamiento de datos que realizamos, con mecanismos que nos permiten garantizar la confidencialidad, integridad, disponibilidad y resiliencia permanente de los sistemas y servicios de tratamiento.<\/p>\n<p>Algunas de estas medidas son:<\/p>\n<ul>\n<li style=\"text-align: justify;\">Informaci\u00f3n de las pol\u00edticas de tratamiento de datos al personal.<\/li>\n<li style=\"text-align: justify;\">Realizaci\u00f3n de copias de seguridad peri\u00f3dicas.<\/li>\n<li style=\"text-align: justify;\">Control de acceso a los datos.<\/li>\n<li style=\"text-align: justify;\">Procesos de verificaci\u00f3n, evaluaci\u00f3n y valoraci\u00f3n regulares.<\/li>\n<\/ul>\n<p><\/p>","protected":false},"excerpt":{"rendered":"<p>Rising Pop S.L. se compromete a proteger la privacidad de los usuarios que accedan a esta web y\/o cualquiera de sus servicios. La utilizaci\u00f3n de la web y\/o de cualquiera de los servicios ofrecidos por\u00a0Rising Pop S.L. implica la aceptaci\u00f3n por el usuario de las disposiciones contenidas en la presente Pol\u00edtica de Privacidad y que<br \/><a class=\"moretag\" href=\"https:\/\/www.ppspark.com\/es\/politica-de-privacitat\/\">+ Read More<\/a><\/p>\n","protected":false},"author":1,"featured_media":8704,"parent":0,"menu_order":0,"comment_status":"closed","ping_status":"closed","template":"templates\/page-fullwidth_template.php","meta":{"footnotes":""},"class_list":["post-3065","page","type-page","status-publish","has-post-thumbnail","hentry"],"yoast_head":"<!-- This site is optimized with the Yoast SEO plugin v27.3 - https:\/\/yoast.com\/product\/yoast-seo-wordpress\/ -->\n<title>Pol\u00edtica de privacidad - Pp&#039;s Park<\/title>\n<meta name=\"robots\" content=\"index, follow, max-snippet:-1, max-image-preview:large, max-video-preview:-1\" \/>\n<link rel=\"canonical\" href=\"https:\/\/www.ppspark.com\/politica-de-privacitat\/\" \/>\n<meta property=\"og:locale\" content=\"es_ES\" \/>\n<meta property=\"og:type\" content=\"article\" \/>\n<meta property=\"og:title\" content=\"[:ca]Pol\u00edtica de privacitat[:es]Pol\u00edtica de privacidad[:en]Privacy policy[:] - Pp&#039;s Park\" \/>\n<meta property=\"og:description\" content=\"Rising Pop S.L. se compromete a proteger la privacidad de los usuarios que accedan a esta web y\/o cualquiera de sus servicios. La utilizaci\u00f3n de la web y\/o de cualquiera de los servicios ofrecidos por\u00a0Rising Pop S.L. implica la aceptaci\u00f3n por el usuario de las disposiciones contenidas en la presente Pol\u00edtica de Privacidad y que+ Read More\" \/>\n<meta property=\"og:url\" content=\"https:\/\/www.ppspark.com\/politica-de-privacitat\/\" \/>\n<meta property=\"og:site_name\" content=\"Pp&#039;s Park\" \/>\n<meta property=\"article:publisher\" content=\"https:\/\/www.facebook.com\/ppsparkplatjadaro\" \/>\n<meta property=\"article:modified_time\" content=\"2024-10-25T13:51:10+00:00\" \/>\n<meta property=\"og:image\" content=\"https:\/\/www.ppspark.com\/wp-content\/uploads\/2024\/06\/Pps-Park-Parc-dAtraccions-Platja-dAro-Textos-legals-H-.jpg\" \/>\n\t<meta property=\"og:image:width\" content=\"1400\" \/>\n\t<meta property=\"og:image:height\" content=\"450\" \/>\n\t<meta property=\"og:image:type\" content=\"image\/jpeg\" \/>\n<meta name=\"twitter:card\" content=\"summary_large_image\" \/>\n<meta name=\"twitter:site\" content=\"@ppsparkoficial\" \/>\n<meta name=\"twitter:label1\" content=\"Tiempo de lectura\" \/>\n\t<meta name=\"twitter:data1\" content=\"6 minutos\" \/>\n<script type=\"application\/ld+json\" class=\"yoast-schema-graph\">{\"@context\":\"https:\\\/\\\/schema.org\",\"@graph\":[{\"@type\":\"WebPage\",\"@id\":\"https:\\\/\\\/www.ppspark.com\\\/politica-de-privacitat\\\/\",\"url\":\"https:\\\/\\\/www.ppspark.com\\\/politica-de-privacitat\\\/\",\"name\":\"[:ca]Pol\u00edtica de privacitat[:es]Pol\u00edtica de privacidad[:en]Privacy policy[:] - Pp&#039;s Park\",\"isPartOf\":{\"@id\":\"https:\\\/\\\/www.ppspark.com\\\/#website\"},\"primaryImageOfPage\":{\"@id\":\"https:\\\/\\\/www.ppspark.com\\\/politica-de-privacitat\\\/#primaryimage\"},\"image\":{\"@id\":\"https:\\\/\\\/www.ppspark.com\\\/politica-de-privacitat\\\/#primaryimage\"},\"thumbnailUrl\":\"https:\\\/\\\/www.ppspark.com\\\/wp-content\\\/uploads\\\/2024\\\/06\\\/Pps-Park-Parc-dAtraccions-Platja-dAro-Textos-legals-H-.jpg\",\"datePublished\":\"2018-03-07T17:15:36+00:00\",\"dateModified\":\"2024-10-25T13:51:10+00:00\",\"breadcrumb\":{\"@id\":\"https:\\\/\\\/www.ppspark.com\\\/politica-de-privacitat\\\/#breadcrumb\"},\"inLanguage\":\"es\",\"potentialAction\":[{\"@type\":\"ReadAction\",\"target\":[\"https:\\\/\\\/www.ppspark.com\\\/politica-de-privacitat\\\/\"]}]},{\"@type\":\"ImageObject\",\"inLanguage\":\"es\",\"@id\":\"https:\\\/\\\/www.ppspark.com\\\/politica-de-privacitat\\\/#primaryimage\",\"url\":\"https:\\\/\\\/www.ppspark.com\\\/wp-content\\\/uploads\\\/2024\\\/06\\\/Pps-Park-Parc-dAtraccions-Platja-dAro-Textos-legals-H-.jpg\",\"contentUrl\":\"https:\\\/\\\/www.ppspark.com\\\/wp-content\\\/uploads\\\/2024\\\/06\\\/Pps-Park-Parc-dAtraccions-Platja-dAro-Textos-legals-H-.jpg\",\"width\":1400,\"height\":450},{\"@type\":\"BreadcrumbList\",\"@id\":\"https:\\\/\\\/www.ppspark.com\\\/politica-de-privacitat\\\/#breadcrumb\",\"itemListElement\":[{\"@type\":\"ListItem\",\"position\":1,\"name\":\"Portada\",\"item\":\"https:\\\/\\\/www.ppspark.com\\\/\"},{\"@type\":\"ListItem\",\"position\":2,\"name\":\"Pol\u00edtica de privacidad\"}]},{\"@type\":\"WebSite\",\"@id\":\"https:\\\/\\\/www.ppspark.com\\\/#website\",\"url\":\"https:\\\/\\\/www.ppspark.com\\\/\",\"name\":\"Pp&#039;s Park\",\"description\":\"Parque de Atracciones - Platja d&#039;Aro - Costa Brava\",\"publisher\":{\"@id\":\"https:\\\/\\\/www.ppspark.com\\\/#organization\"},\"potentialAction\":[{\"@type\":\"SearchAction\",\"target\":{\"@type\":\"EntryPoint\",\"urlTemplate\":\"https:\\\/\\\/www.ppspark.com\\\/?s={search_term_string}\"},\"query-input\":{\"@type\":\"PropertyValueSpecification\",\"valueRequired\":true,\"valueName\":\"search_term_string\"}}],\"inLanguage\":\"es\"},{\"@type\":\"Organization\",\"@id\":\"https:\\\/\\\/www.ppspark.com\\\/#organization\",\"name\":\"PP's Park\",\"url\":\"https:\\\/\\\/www.ppspark.com\\\/\",\"logo\":{\"@type\":\"ImageObject\",\"inLanguage\":\"es\",\"@id\":\"https:\\\/\\\/www.ppspark.com\\\/#\\\/schema\\\/logo\\\/image\\\/\",\"url\":\"https:\\\/\\\/www.ppspark.com\\\/wp-content\\\/uploads\\\/2015\\\/05\\\/Logo-PPS.png\",\"contentUrl\":\"https:\\\/\\\/www.ppspark.com\\\/wp-content\\\/uploads\\\/2015\\\/05\\\/Logo-PPS.png\",\"width\":300,\"height\":193,\"caption\":\"PP's Park\"},\"image\":{\"@id\":\"https:\\\/\\\/www.ppspark.com\\\/#\\\/schema\\\/logo\\\/image\\\/\"},\"sameAs\":[\"https:\\\/\\\/www.facebook.com\\\/ppsparkplatjadaro\",\"https:\\\/\\\/x.com\\\/ppsparkoficial\",\"https:\\\/\\\/www.instagram.com\\\/ppsparkoficial\\\/\"]}]}<\/script>\n<!-- \/ Yoast SEO plugin. -->","yoast_head_json":{"title":"[:ca]Pol\u00edtica de privacitat[:es]Pol\u00edtica de privacidad[:en]Privacy policy[:] - Pp&#039;s Park","robots":{"index":"index","follow":"follow","max-snippet":"max-snippet:-1","max-image-preview":"max-image-preview:large","max-video-preview":"max-video-preview:-1"},"canonical":"https:\/\/www.ppspark.com\/politica-de-privacitat\/","og_locale":"es_ES","og_type":"article","og_title":"[:ca]Pol\u00edtica de privacitat[:es]Pol\u00edtica de privacidad[:en]Privacy policy[:] - Pp&#039;s Park","og_description":"Rising Pop S.L. se compromete a proteger la privacidad de los usuarios que accedan a esta web y\/o cualquiera de sus servicios. La utilizaci\u00f3n de la web y\/o de cualquiera de los servicios ofrecidos por\u00a0Rising Pop S.L. implica la aceptaci\u00f3n por el usuario de las disposiciones contenidas en la presente Pol\u00edtica de Privacidad y que+ Read More","og_url":"https:\/\/www.ppspark.com\/politica-de-privacitat\/","og_site_name":"Pp&#039;s Park","article_publisher":"https:\/\/www.facebook.com\/ppsparkplatjadaro","article_modified_time":"2024-10-25T13:51:10+00:00","og_image":[{"width":1400,"height":450,"url":"https:\/\/www.ppspark.com\/wp-content\/uploads\/2024\/06\/Pps-Park-Parc-dAtraccions-Platja-dAro-Textos-legals-H-.jpg","type":"image\/jpeg"}],"twitter_card":"summary_large_image","twitter_site":"@ppsparkoficial","twitter_misc":{"Tiempo de lectura":"6 minutos"},"schema":{"@context":"https:\/\/schema.org","@graph":[{"@type":"WebPage","@id":"https:\/\/www.ppspark.com\/politica-de-privacitat\/","url":"https:\/\/www.ppspark.com\/politica-de-privacitat\/","name":"[:ca]Pol\u00edtica de privacitat[:es]Pol\u00edtica de privacidad[:en]Privacy policy[:] - Pp&#039;s Park","isPartOf":{"@id":"https:\/\/www.ppspark.com\/#website"},"primaryImageOfPage":{"@id":"https:\/\/www.ppspark.com\/politica-de-privacitat\/#primaryimage"},"image":{"@id":"https:\/\/www.ppspark.com\/politica-de-privacitat\/#primaryimage"},"thumbnailUrl":"https:\/\/www.ppspark.com\/wp-content\/uploads\/2024\/06\/Pps-Park-Parc-dAtraccions-Platja-dAro-Textos-legals-H-.jpg","datePublished":"2018-03-07T17:15:36+00:00","dateModified":"2024-10-25T13:51:10+00:00","breadcrumb":{"@id":"https:\/\/www.ppspark.com\/politica-de-privacitat\/#breadcrumb"},"inLanguage":"es","potentialAction":[{"@type":"ReadAction","target":["https:\/\/www.ppspark.com\/politica-de-privacitat\/"]}]},{"@type":"ImageObject","inLanguage":"es","@id":"https:\/\/www.ppspark.com\/politica-de-privacitat\/#primaryimage","url":"https:\/\/www.ppspark.com\/wp-content\/uploads\/2024\/06\/Pps-Park-Parc-dAtraccions-Platja-dAro-Textos-legals-H-.jpg","contentUrl":"https:\/\/www.ppspark.com\/wp-content\/uploads\/2024\/06\/Pps-Park-Parc-dAtraccions-Platja-dAro-Textos-legals-H-.jpg","width":1400,"height":450},{"@type":"BreadcrumbList","@id":"https:\/\/www.ppspark.com\/politica-de-privacitat\/#breadcrumb","itemListElement":[{"@type":"ListItem","position":1,"name":"Portada","item":"https:\/\/www.ppspark.com\/"},{"@type":"ListItem","position":2,"name":"Pol\u00edtica de privacidad"}]},{"@type":"WebSite","@id":"https:\/\/www.ppspark.com\/#website","url":"https:\/\/www.ppspark.com\/","name":"Pp&#039;s Park","description":"Parque de Atracciones - Platja d&#039;Aro - Costa Brava","publisher":{"@id":"https:\/\/www.ppspark.com\/#organization"},"potentialAction":[{"@type":"SearchAction","target":{"@type":"EntryPoint","urlTemplate":"https:\/\/www.ppspark.com\/?s={search_term_string}"},"query-input":{"@type":"PropertyValueSpecification","valueRequired":true,"valueName":"search_term_string"}}],"inLanguage":"es"},{"@type":"Organization","@id":"https:\/\/www.ppspark.com\/#organization","name":"PP's Park","url":"https:\/\/www.ppspark.com\/","logo":{"@type":"ImageObject","inLanguage":"es","@id":"https:\/\/www.ppspark.com\/#\/schema\/logo\/image\/","url":"https:\/\/www.ppspark.com\/wp-content\/uploads\/2015\/05\/Logo-PPS.png","contentUrl":"https:\/\/www.ppspark.com\/wp-content\/uploads\/2015\/05\/Logo-PPS.png","width":300,"height":193,"caption":"PP's Park"},"image":{"@id":"https:\/\/www.ppspark.com\/#\/schema\/logo\/image\/"},"sameAs":["https:\/\/www.facebook.com\/ppsparkplatjadaro","https:\/\/x.com\/ppsparkoficial","https:\/\/www.instagram.com\/ppsparkoficial\/"]}]}},"_links":{"self":[{"href":"https:\/\/www.ppspark.com\/es\/wp-json\/wp\/v2\/pages\/3065","targetHints":{"allow":["GET"]}}],"collection":[{"href":"https:\/\/www.ppspark.com\/es\/wp-json\/wp\/v2\/pages"}],"about":[{"href":"https:\/\/www.ppspark.com\/es\/wp-json\/wp\/v2\/types\/page"}],"author":[{"embeddable":true,"href":"https:\/\/www.ppspark.com\/es\/wp-json\/wp\/v2\/users\/1"}],"replies":[{"embeddable":true,"href":"https:\/\/www.ppspark.com\/es\/wp-json\/wp\/v2\/comments?post=3065"}],"version-history":[{"count":0,"href":"https:\/\/www.ppspark.com\/es\/wp-json\/wp\/v2\/pages\/3065\/revisions"}],"wp:featuredmedia":[{"embeddable":true,"href":"https:\/\/www.ppspark.com\/es\/wp-json\/wp\/v2\/media\/8704"}],"wp:attachment":[{"href":"https:\/\/www.ppspark.com\/es\/wp-json\/wp\/v2\/media?parent=3065"}],"curies":[{"name":"wp","href":"https:\/\/api.w.org\/{rel}","templated":true}]}}