{"id":5257,"date":"2020-04-18T16:15:25","date_gmt":"2020-04-18T14:15:25","guid":{"rendered":"https:\/\/www.ppspark.com\/?page_id=5257"},"modified":"2024-10-25T15:49:34","modified_gmt":"2024-10-25T13:49:34","slug":"avis-legal","status":"publish","type":"page","link":"https:\/\/www.ppspark.com\/es\/avis-legal\/","title":{"rendered":"Aviso legal"},"content":{"rendered":"<p><\/p>\n<h4>Informaci\u00f3n de conformidad con el art\u00edculo 10 de la LSSI<\/h4>\n<h3>El titular de esta web es:<\/h3>\n<p>Identidad: <strong>Rising Pop S.L.<\/strong><br \/>\nCIF: <strong>B63703888<\/strong><br \/>\nDirecci\u00f3n: <strong>Avenida S&#8217;Agar\u00f3, 110. 17250 Platja d&#8217;Aro. Girona.<br \/>\n<\/strong>Correo electr\u00f3nico<strong>:<\/strong> <a href=\"mailto:info@ppspark.com\"><strong>info@ppspark.com<\/strong><\/a><\/p>\n<h3>Condiciones de uso<\/h3>\n<p style=\"text-align: justify;\">El uso de esta web implica la aceptaci\u00f3n plena de los t\u00e9rminos y condiciones del presente aviso legal. Los posibles conflictos relativos a esta web se regir\u00e1n exclusivamente por el derecho del Estado espa\u00f1ol. Toda persona usuaria de la web, independientemente de la jurisdicci\u00f3n territorial desde la que se produzca su acceso, acepta el cumplimiento y respeto de estas cl\u00e1usulas con renuncia expresa a cualquier otro fuero que pudiera corresponderle.<\/p>\n<h3>Propiedad intelectual e industrial<\/h3>\n<p style=\"text-align: justify;\">La totalidad del contenido de este sitio web, ya sean textos, im\u00e1genes, sonidos, marcas, logotipos u otros elementos, as\u00ed como subestructura, dise\u00f1o, combinaciones de colores o forma de presentaci\u00f3n de los materiales, est\u00e1n protegidos por derechos de propiedad industrial e intelectual que el usuario de este sitio web debe respetar. No es l\u00edcita su transformaci\u00f3n o alteraci\u00f3n, comunicaci\u00f3n p\u00fablica o cualquier otra forma de explotaci\u00f3n por cualquier procedimiento sin la autorizaci\u00f3n expresa de\u00a0<strong>Rising Pop S.L.<\/strong><\/p>\n<h3>Responsabilidad sobre los contenidos<\/h3>\n<p style=\"text-align: justify;\">Aunque\u00a0<strong>Rising Pop S.L.<\/strong> act\u00faa con la m\u00e1xima diligencia posible, puede darse el caso de que alg\u00fan dato o informaci\u00f3n no est\u00e9 del todo actualizada en el momento que el usuario del sitio web lo consulte. Por ello, las informaciones que se presentan en esta web tienen una funci\u00f3n orientativa y no obligan a <strong>Rising Pop S.L.<\/strong><\/p>\n<p style=\"text-align: justify;\"><strong>Rising Pop S.L.<\/strong>\u00a0no ser\u00e1 responsable de la informaci\u00f3n que se pueda obtener a trav\u00e9s de enlaces incluidos en su web.<\/p>\n<p style=\"text-align: justify;\"><strong>Rising Pop S.L.<\/strong> se reserva la facultad de realizar, en cualquier momento y sin necesidad de preaviso, modificaciones o actualizaciones de la informaci\u00f3n y de cualquiera de los elementos que integren el dise\u00f1o y configuraci\u00f3n de la p\u00e1gina web.<\/p>\n<h3>Ley aplicable y jurisdicci\u00f3n:<\/h3>\n<p style=\"text-align: justify;\">El uso de este sitio web implica la aceptaci\u00f3n plena de los t\u00e9rminos y condiciones de la presente pol\u00edtica legal. Los posibles conflictos relativos a esta web se regir\u00e1n exclusivamente por la legislaci\u00f3n espa\u00f1ola, siendo competentes los Juzgados y Tribunales espa\u00f1oles para conocer de cuantas cuestiones se susciten sobre ella. El usuario, por virtud de su aceptaci\u00f3n renuncia expresamente a cualquier fuero que por aplicaci\u00f3n de la Ley de Enjuiciamiento Civil vigente pudiera corresponderle.<\/p>\n<p><\/p>","protected":false},"excerpt":{"rendered":"<p>Informaci\u00f3n de conformidad con el art\u00edculo 10 de la LSSI El titular de esta web es: Identidad: Rising Pop S.L. CIF: B63703888 Direcci\u00f3n: Avenida S&#8217;Agar\u00f3, 110. 17250 Platja d&#8217;Aro. Girona. Correo electr\u00f3nico: info@ppspark.com Condiciones de uso El uso de esta web implica la aceptaci\u00f3n plena de los t\u00e9rminos y condiciones del presente aviso legal. Los<br \/><a class=\"moretag\" href=\"https:\/\/www.ppspark.com\/es\/avis-legal\/\">+ Read More<\/a><\/p>\n","protected":false},"author":1,"featured_media":8704,"parent":0,"menu_order":0,"comment_status":"closed","ping_status":"closed","template":"templates\/page-fullwidth_template.php","meta":{"footnotes":""},"class_list":["post-5257","page","type-page","status-publish","has-post-thumbnail","hentry"],"yoast_head":"<!-- This site is optimized with the Yoast SEO plugin v27.3 - https:\/\/yoast.com\/product\/yoast-seo-wordpress\/ -->\n<title>Aviso legal - Pp&#039;s Park<\/title>\n<meta name=\"robots\" content=\"index, follow, max-snippet:-1, max-image-preview:large, max-video-preview:-1\" \/>\n<link rel=\"canonical\" href=\"https:\/\/www.ppspark.com\/avis-legal\/\" \/>\n<meta property=\"og:locale\" content=\"es_ES\" \/>\n<meta property=\"og:type\" content=\"article\" \/>\n<meta property=\"og:title\" content=\"[:ca]Av\u00eds legal[:es]Aviso legal[:en]Legal notice[:] - Pp&#039;s Park\" \/>\n<meta property=\"og:description\" content=\"Informaci\u00f3n de conformidad con el art\u00edculo 10 de la LSSI El titular de esta web es: Identidad: Rising Pop S.L. CIF: B63703888 Direcci\u00f3n: Avenida S&#8217;Agar\u00f3, 110. 17250 Platja d&#8217;Aro. Girona. Correo electr\u00f3nico: info@ppspark.com Condiciones de uso El uso de esta web implica la aceptaci\u00f3n plena de los t\u00e9rminos y condiciones del presente aviso legal. Los+ Read More\" \/>\n<meta property=\"og:url\" content=\"https:\/\/www.ppspark.com\/avis-legal\/\" \/>\n<meta property=\"og:site_name\" content=\"Pp&#039;s Park\" \/>\n<meta property=\"article:publisher\" content=\"https:\/\/www.facebook.com\/ppsparkplatjadaro\" \/>\n<meta property=\"article:modified_time\" content=\"2024-10-25T13:49:34+00:00\" \/>\n<meta property=\"og:image\" content=\"https:\/\/www.ppspark.com\/wp-content\/uploads\/2024\/06\/Pps-Park-Parc-dAtraccions-Platja-dAro-Textos-legals-H-.jpg\" \/>\n\t<meta property=\"og:image:width\" content=\"1400\" \/>\n\t<meta property=\"og:image:height\" content=\"450\" \/>\n\t<meta property=\"og:image:type\" content=\"image\/jpeg\" \/>\n<meta name=\"twitter:card\" content=\"summary_large_image\" \/>\n<meta name=\"twitter:site\" content=\"@ppsparkoficial\" \/>\n<meta name=\"twitter:label1\" content=\"Tiempo de lectura\" \/>\n\t<meta name=\"twitter:data1\" content=\"2 minutos\" \/>\n<script type=\"application\/ld+json\" class=\"yoast-schema-graph\">{\"@context\":\"https:\\\/\\\/schema.org\",\"@graph\":[{\"@type\":\"WebPage\",\"@id\":\"https:\\\/\\\/www.ppspark.com\\\/avis-legal\\\/\",\"url\":\"https:\\\/\\\/www.ppspark.com\\\/avis-legal\\\/\",\"name\":\"[:ca]Av\u00eds legal[:es]Aviso legal[:en]Legal notice[:] - Pp&#039;s Park\",\"isPartOf\":{\"@id\":\"https:\\\/\\\/www.ppspark.com\\\/#website\"},\"primaryImageOfPage\":{\"@id\":\"https:\\\/\\\/www.ppspark.com\\\/avis-legal\\\/#primaryimage\"},\"image\":{\"@id\":\"https:\\\/\\\/www.ppspark.com\\\/avis-legal\\\/#primaryimage\"},\"thumbnailUrl\":\"https:\\\/\\\/www.ppspark.com\\\/wp-content\\\/uploads\\\/2024\\\/06\\\/Pps-Park-Parc-dAtraccions-Platja-dAro-Textos-legals-H-.jpg\",\"datePublished\":\"2020-04-18T14:15:25+00:00\",\"dateModified\":\"2024-10-25T13:49:34+00:00\",\"breadcrumb\":{\"@id\":\"https:\\\/\\\/www.ppspark.com\\\/avis-legal\\\/#breadcrumb\"},\"inLanguage\":\"es\",\"potentialAction\":[{\"@type\":\"ReadAction\",\"target\":[\"https:\\\/\\\/www.ppspark.com\\\/avis-legal\\\/\"]}]},{\"@type\":\"ImageObject\",\"inLanguage\":\"es\",\"@id\":\"https:\\\/\\\/www.ppspark.com\\\/avis-legal\\\/#primaryimage\",\"url\":\"https:\\\/\\\/www.ppspark.com\\\/wp-content\\\/uploads\\\/2024\\\/06\\\/Pps-Park-Parc-dAtraccions-Platja-dAro-Textos-legals-H-.jpg\",\"contentUrl\":\"https:\\\/\\\/www.ppspark.com\\\/wp-content\\\/uploads\\\/2024\\\/06\\\/Pps-Park-Parc-dAtraccions-Platja-dAro-Textos-legals-H-.jpg\",\"width\":1400,\"height\":450},{\"@type\":\"BreadcrumbList\",\"@id\":\"https:\\\/\\\/www.ppspark.com\\\/avis-legal\\\/#breadcrumb\",\"itemListElement\":[{\"@type\":\"ListItem\",\"position\":1,\"name\":\"Portada\",\"item\":\"https:\\\/\\\/www.ppspark.com\\\/\"},{\"@type\":\"ListItem\",\"position\":2,\"name\":\"Aviso legal\"}]},{\"@type\":\"WebSite\",\"@id\":\"https:\\\/\\\/www.ppspark.com\\\/#website\",\"url\":\"https:\\\/\\\/www.ppspark.com\\\/\",\"name\":\"Pp&#039;s Park\",\"description\":\"Parque de Atracciones - Platja d&#039;Aro - Costa Brava\",\"publisher\":{\"@id\":\"https:\\\/\\\/www.ppspark.com\\\/#organization\"},\"potentialAction\":[{\"@type\":\"SearchAction\",\"target\":{\"@type\":\"EntryPoint\",\"urlTemplate\":\"https:\\\/\\\/www.ppspark.com\\\/?s={search_term_string}\"},\"query-input\":{\"@type\":\"PropertyValueSpecification\",\"valueRequired\":true,\"valueName\":\"search_term_string\"}}],\"inLanguage\":\"es\"},{\"@type\":\"Organization\",\"@id\":\"https:\\\/\\\/www.ppspark.com\\\/#organization\",\"name\":\"PP's Park\",\"url\":\"https:\\\/\\\/www.ppspark.com\\\/\",\"logo\":{\"@type\":\"ImageObject\",\"inLanguage\":\"es\",\"@id\":\"https:\\\/\\\/www.ppspark.com\\\/#\\\/schema\\\/logo\\\/image\\\/\",\"url\":\"https:\\\/\\\/www.ppspark.com\\\/wp-content\\\/uploads\\\/2015\\\/05\\\/Logo-PPS.png\",\"contentUrl\":\"https:\\\/\\\/www.ppspark.com\\\/wp-content\\\/uploads\\\/2015\\\/05\\\/Logo-PPS.png\",\"width\":300,\"height\":193,\"caption\":\"PP's Park\"},\"image\":{\"@id\":\"https:\\\/\\\/www.ppspark.com\\\/#\\\/schema\\\/logo\\\/image\\\/\"},\"sameAs\":[\"https:\\\/\\\/www.facebook.com\\\/ppsparkplatjadaro\",\"https:\\\/\\\/x.com\\\/ppsparkoficial\",\"https:\\\/\\\/www.instagram.com\\\/ppsparkoficial\\\/\"]}]}<\/script>\n<!-- \/ Yoast SEO plugin. -->","yoast_head_json":{"title":"[:ca]Av\u00eds legal[:es]Aviso legal[:en]Legal notice[:] - Pp&#039;s Park","robots":{"index":"index","follow":"follow","max-snippet":"max-snippet:-1","max-image-preview":"max-image-preview:large","max-video-preview":"max-video-preview:-1"},"canonical":"https:\/\/www.ppspark.com\/avis-legal\/","og_locale":"es_ES","og_type":"article","og_title":"[:ca]Av\u00eds legal[:es]Aviso legal[:en]Legal notice[:] - Pp&#039;s Park","og_description":"Informaci\u00f3n de conformidad con el art\u00edculo 10 de la LSSI El titular de esta web es: Identidad: Rising Pop S.L. CIF: B63703888 Direcci\u00f3n: Avenida S&#8217;Agar\u00f3, 110. 17250 Platja d&#8217;Aro. Girona. Correo electr\u00f3nico: info@ppspark.com Condiciones de uso El uso de esta web implica la aceptaci\u00f3n plena de los t\u00e9rminos y condiciones del presente aviso legal. Los+ Read More","og_url":"https:\/\/www.ppspark.com\/avis-legal\/","og_site_name":"Pp&#039;s Park","article_publisher":"https:\/\/www.facebook.com\/ppsparkplatjadaro","article_modified_time":"2024-10-25T13:49:34+00:00","og_image":[{"width":1400,"height":450,"url":"https:\/\/www.ppspark.com\/wp-content\/uploads\/2024\/06\/Pps-Park-Parc-dAtraccions-Platja-dAro-Textos-legals-H-.jpg","type":"image\/jpeg"}],"twitter_card":"summary_large_image","twitter_site":"@ppsparkoficial","twitter_misc":{"Tiempo de lectura":"2 minutos"},"schema":{"@context":"https:\/\/schema.org","@graph":[{"@type":"WebPage","@id":"https:\/\/www.ppspark.com\/avis-legal\/","url":"https:\/\/www.ppspark.com\/avis-legal\/","name":"[:ca]Av\u00eds legal[:es]Aviso legal[:en]Legal notice[:] - Pp&#039;s Park","isPartOf":{"@id":"https:\/\/www.ppspark.com\/#website"},"primaryImageOfPage":{"@id":"https:\/\/www.ppspark.com\/avis-legal\/#primaryimage"},"image":{"@id":"https:\/\/www.ppspark.com\/avis-legal\/#primaryimage"},"thumbnailUrl":"https:\/\/www.ppspark.com\/wp-content\/uploads\/2024\/06\/Pps-Park-Parc-dAtraccions-Platja-dAro-Textos-legals-H-.jpg","datePublished":"2020-04-18T14:15:25+00:00","dateModified":"2024-10-25T13:49:34+00:00","breadcrumb":{"@id":"https:\/\/www.ppspark.com\/avis-legal\/#breadcrumb"},"inLanguage":"es","potentialAction":[{"@type":"ReadAction","target":["https:\/\/www.ppspark.com\/avis-legal\/"]}]},{"@type":"ImageObject","inLanguage":"es","@id":"https:\/\/www.ppspark.com\/avis-legal\/#primaryimage","url":"https:\/\/www.ppspark.com\/wp-content\/uploads\/2024\/06\/Pps-Park-Parc-dAtraccions-Platja-dAro-Textos-legals-H-.jpg","contentUrl":"https:\/\/www.ppspark.com\/wp-content\/uploads\/2024\/06\/Pps-Park-Parc-dAtraccions-Platja-dAro-Textos-legals-H-.jpg","width":1400,"height":450},{"@type":"BreadcrumbList","@id":"https:\/\/www.ppspark.com\/avis-legal\/#breadcrumb","itemListElement":[{"@type":"ListItem","position":1,"name":"Portada","item":"https:\/\/www.ppspark.com\/"},{"@type":"ListItem","position":2,"name":"Aviso legal"}]},{"@type":"WebSite","@id":"https:\/\/www.ppspark.com\/#website","url":"https:\/\/www.ppspark.com\/","name":"Pp&#039;s Park","description":"Parque de Atracciones - Platja d&#039;Aro - Costa Brava","publisher":{"@id":"https:\/\/www.ppspark.com\/#organization"},"potentialAction":[{"@type":"SearchAction","target":{"@type":"EntryPoint","urlTemplate":"https:\/\/www.ppspark.com\/?s={search_term_string}"},"query-input":{"@type":"PropertyValueSpecification","valueRequired":true,"valueName":"search_term_string"}}],"inLanguage":"es"},{"@type":"Organization","@id":"https:\/\/www.ppspark.com\/#organization","name":"PP's Park","url":"https:\/\/www.ppspark.com\/","logo":{"@type":"ImageObject","inLanguage":"es","@id":"https:\/\/www.ppspark.com\/#\/schema\/logo\/image\/","url":"https:\/\/www.ppspark.com\/wp-content\/uploads\/2015\/05\/Logo-PPS.png","contentUrl":"https:\/\/www.ppspark.com\/wp-content\/uploads\/2015\/05\/Logo-PPS.png","width":300,"height":193,"caption":"PP's Park"},"image":{"@id":"https:\/\/www.ppspark.com\/#\/schema\/logo\/image\/"},"sameAs":["https:\/\/www.facebook.com\/ppsparkplatjadaro","https:\/\/x.com\/ppsparkoficial","https:\/\/www.instagram.com\/ppsparkoficial\/"]}]}},"_links":{"self":[{"href":"https:\/\/www.ppspark.com\/es\/wp-json\/wp\/v2\/pages\/5257","targetHints":{"allow":["GET"]}}],"collection":[{"href":"https:\/\/www.ppspark.com\/es\/wp-json\/wp\/v2\/pages"}],"about":[{"href":"https:\/\/www.ppspark.com\/es\/wp-json\/wp\/v2\/types\/page"}],"author":[{"embeddable":true,"href":"https:\/\/www.ppspark.com\/es\/wp-json\/wp\/v2\/users\/1"}],"replies":[{"embeddable":true,"href":"https:\/\/www.ppspark.com\/es\/wp-json\/wp\/v2\/comments?post=5257"}],"version-history":[{"count":0,"href":"https:\/\/www.ppspark.com\/es\/wp-json\/wp\/v2\/pages\/5257\/revisions"}],"wp:featuredmedia":[{"embeddable":true,"href":"https:\/\/www.ppspark.com\/es\/wp-json\/wp\/v2\/media\/8704"}],"wp:attachment":[{"href":"https:\/\/www.ppspark.com\/es\/wp-json\/wp\/v2\/media?parent=5257"}],"curies":[{"name":"wp","href":"https:\/\/api.w.org\/{rel}","templated":true}]}}