{"id":7650,"date":"2024-03-06T19:23:01","date_gmt":"2024-03-06T18:23:01","guid":{"rendered":"https:\/\/www.ppspark.com\/?page_id=7650"},"modified":"2024-06-05T18:22:50","modified_gmt":"2024-06-05T16:22:50","slug":"preguntes-frequents","status":"publish","type":"page","link":"https:\/\/www.ppspark.com\/es\/preguntes-frequents\/","title":{"rendered":"Preguntas frecuentes"},"content":{"rendered":"\t\t<div data-elementor-type=\"wp-page\" data-elementor-id=\"7650\" class=\"elementor elementor-7650\" data-elementor-post-type=\"page\">\n\t\t\t\t\t\t<section class=\"elementor-section elementor-top-section elementor-element elementor-element-190055b elementor-section-full_width elementor-section-height-default elementor-section-height-default\" data-id=\"190055b\" data-element_type=\"section\" data-e-type=\"section\">\n\t\t\t\t\t\t<div class=\"elementor-container elementor-column-gap-no\">\n\t\t\t\t\t<div class=\"elementor-column elementor-col-100 elementor-top-column elementor-element elementor-element-001c1d0\" data-id=\"001c1d0\" data-element_type=\"column\" data-e-type=\"column\">\n\t\t\t<div class=\"elementor-widget-wrap elementor-element-populated\">\n\t\t\t\t\t\t<div class=\"elementor-element elementor-element-e21cd57 elementor-widget elementor-widget-heading\" data-id=\"e21cd57\" data-element_type=\"widget\" data-e-type=\"widget\" data-widget_type=\"heading.default\">\n\t\t\t\t<div class=\"elementor-widget-container\">\n\t\t\t\t\t<h2 class=\"elementor-heading-title elementor-size-default\">Resolem els teus dubtes<\/h2>\t\t\t\t<\/div>\n\t\t\t\t<\/div>\n\t\t\t\t<div class=\"elementor-element elementor-element-252f47e elementor-widget elementor-widget-heading\" data-id=\"252f47e\" data-element_type=\"widget\" data-e-type=\"widget\" data-widget_type=\"heading.default\">\n\t\t\t\t<div class=\"elementor-widget-container\">\n\t\t\t\t\t<h3 class=\"elementor-heading-title elementor-size-default\">Perqu\u00e8 quan vinguis a Pp's Park, nom\u00e9s et preocupis per passar-ho b\u00e9<\/h3>\t\t\t\t<\/div>\n\t\t\t\t<\/div>\n\t\t\t\t<div class=\"elementor-element elementor-element-296321b elementor-widget elementor-widget-eael-adv-accordion\" data-id=\"296321b\" data-element_type=\"widget\" data-e-type=\"widget\" data-widget_type=\"eael-adv-accordion.default\">\n\t\t\t\t<div class=\"elementor-widget-container\">\n\t\t\t\t\t            <div class=\"eael-adv-accordion\" id=\"eael-adv-accordion-296321b\" data-scroll-on-click=\"no\" data-scroll-speed=\"300\" data-accordion-id=\"296321b\" data-accordion-type=\"accordion\" data-toogle-speed=\"300\">\n            <div class=\"eael-accordion-list\">\n\t\t\t\t\t<div id=\"cal-pagar-entrada-per-accedir-al-parc\" class=\"elementor-tab-title eael-accordion-header\" tabindex=\"0\" data-tab=\"1\" aria-controls=\"elementor-tab-content-4331\"><span class=\"eael-advanced-accordion-icon-closed\"><i aria-hidden=\"true\" class=\"fa-accordion-icon fas fa-angle-down\"><\/i><\/span><span class=\"eael-advanced-accordion-icon-opened\"><i aria-hidden=\"true\" class=\"fa-accordion-icon fas fa-angle-up\"><\/i><\/span><span class=\"eael-accordion-tab-title\">Cal pagar entrada per accedir al parc?<\/span><\/div><div id=\"elementor-tab-content-4331\" class=\"eael-accordion-content clearfix\" data-tab=\"1\" aria-labelledby=\"cal-pagar-entrada-per-accedir-al-parc\"><p>No, l\u2019<strong>entrada \u00e9s totalment gratu\u00efta<\/strong>. Nom\u00e9s es paga per acc\u00e9s a cadascuna de les atraccions.<\/p><\/div>\n\t\t\t\t\t<\/div><div class=\"eael-accordion-list\">\n\t\t\t\t\t<div id=\"com-abono-limport-de-cada-atracci\" class=\"elementor-tab-title eael-accordion-header\" tabindex=\"0\" data-tab=\"2\" aria-controls=\"elementor-tab-content-4332\"><span class=\"eael-advanced-accordion-icon-closed\"><i aria-hidden=\"true\" class=\"fa-accordion-icon fas fa-angle-down\"><\/i><\/span><span class=\"eael-advanced-accordion-icon-opened\"><i aria-hidden=\"true\" class=\"fa-accordion-icon fas fa-angle-up\"><\/i><\/span><span class=\"eael-accordion-tab-title\">Com abono l'import de cada atracci\u00f3?<\/span><\/div><div id=\"elementor-tab-content-4332\" class=\"eael-accordion-content clearfix\" data-tab=\"2\" aria-labelledby=\"com-abono-limport-de-cada-atracci\"><p>Per poder accedir a les atraccions \u00e9s necessari adquirir a guixeta una <strong>targeta rec\u00e0rrega<\/strong>. T\u00e9 un cost de 1\u20ac a mode de fian\u00e7a (si tries tornar-la en finalitzar la teva visita, aquest import ser\u00e0 retornat). Cada vegada que accedeixis a una atracci\u00f3, el seu import ser\u00e0 descomptat del saldo de la targeta.<\/p><\/div>\n\t\t\t\t\t<\/div><div class=\"eael-accordion-list\">\n\t\t\t\t\t<div id=\"com-carrego-la-meva-targeta\" class=\"elementor-tab-title eael-accordion-header\" tabindex=\"0\" data-tab=\"3\" aria-controls=\"elementor-tab-content-4333\"><span class=\"eael-advanced-accordion-icon-closed\"><i aria-hidden=\"true\" class=\"fa-accordion-icon fas fa-angle-down\"><\/i><\/span><span class=\"eael-advanced-accordion-icon-opened\"><i aria-hidden=\"true\" class=\"fa-accordion-icon fas fa-angle-up\"><\/i><\/span><span class=\"eael-accordion-tab-title\">Com carrego la meva targeta?<\/span><\/div><div id=\"elementor-tab-content-4333\" class=\"eael-accordion-content clearfix\" data-tab=\"3\" aria-labelledby=\"com-carrego-la-meva-targeta\"><p>Pots carregar la teva targeta <strong>a la guixeta del parc o b\u00e9 on line<\/strong>, des de la nostra p\u00e0gina web. Si encara no tens targeta, caldr\u00e0 que t\u2019acostis al parc per poder-la emetre.<\/p><\/div>\n\t\t\t\t\t<\/div><div class=\"eael-accordion-list\">\n\t\t\t\t\t<div id=\"el-saldo-de-la-meva-targeta-caduca\" class=\"elementor-tab-title eael-accordion-header\" tabindex=\"0\" data-tab=\"4\" aria-controls=\"elementor-tab-content-4334\"><span class=\"eael-advanced-accordion-icon-closed\"><i aria-hidden=\"true\" class=\"fa-accordion-icon fas fa-angle-down\"><\/i><\/span><span class=\"eael-advanced-accordion-icon-opened\"><i aria-hidden=\"true\" class=\"fa-accordion-icon fas fa-angle-up\"><\/i><\/span><span class=\"eael-accordion-tab-title\">El saldo de la meva targeta caduca?<\/span><\/div><div id=\"elementor-tab-content-4334\" class=\"eael-accordion-content clearfix\" data-tab=\"4\" aria-labelledby=\"el-saldo-de-la-meva-targeta-caduca\"><strong>No<\/strong>. Pots fer servir el saldo que no utilitzis d\u2019un any per l\u2019altre, sense cap penalitzaci\u00f3.<\/div>\n\t\t\t\t\t<\/div><div class=\"eael-accordion-list\">\n\t\t\t\t\t<div id=\"la-targeta-pot-ser-utilitzada-per-diversos-usuaris\" class=\"elementor-tab-title eael-accordion-header\" tabindex=\"0\" data-tab=\"5\" aria-controls=\"elementor-tab-content-4335\"><span class=\"eael-advanced-accordion-icon-closed\"><i aria-hidden=\"true\" class=\"fa-accordion-icon fas fa-angle-down\"><\/i><\/span><span class=\"eael-advanced-accordion-icon-opened\"><i aria-hidden=\"true\" class=\"fa-accordion-icon fas fa-angle-up\"><\/i><\/span><span class=\"eael-accordion-tab-title\">La targeta pot ser utilitzada per diversos usuaris?<\/span><\/div><div id=\"elementor-tab-content-4335\" class=\"eael-accordion-content clearfix\" data-tab=\"5\" aria-labelledby=\"la-targeta-pot-ser-utilitzada-per-diversos-usuaris\">S\u00ed. <strong>Pots compartir targeta amb qui vulguis<\/strong>. El saldo s\u2019anir\u00e0 descomptant a mesura que es passi targeta pel lector d\u2019acc\u00e9s a cada atracci\u00f3.<\/div>\n\t\t\t\t\t<\/div><div class=\"eael-accordion-list\">\n\t\t\t\t\t<div id=\"puc-registrar-la-meva-targeta\" class=\"elementor-tab-title eael-accordion-header\" tabindex=\"0\" data-tab=\"6\" aria-controls=\"elementor-tab-content-4336\"><span class=\"eael-advanced-accordion-icon-closed\"><i aria-hidden=\"true\" class=\"fa-accordion-icon fas fa-angle-down\"><\/i><\/span><span class=\"eael-advanced-accordion-icon-opened\"><i aria-hidden=\"true\" class=\"fa-accordion-icon fas fa-angle-up\"><\/i><\/span><span class=\"eael-accordion-tab-title\">Puc registrar la meva targeta?<\/span><\/div><div id=\"elementor-tab-content-4336\" class=\"eael-accordion-content clearfix\" data-tab=\"6\" aria-labelledby=\"puc-registrar-la-meva-targeta\"><p><strong>S\u00ed\u2026 i de fet, sempre ho recomanem<\/strong>! Accedeix a l\u2019\u00e0rea client de la nostra web, dona\u2019t d\u2019alta com a usuari i associa la teva targeta. Podr\u00e0s controlar els moviments i, en cas de robatori o p\u00e8rdua, la podrem anul\u00b7lar i emetre duplicat.<\/p><\/div>\n\t\t\t\t\t<\/div><div class=\"eael-accordion-list\">\n\t\t\t\t\t<div id=\"com-puc-ser-client-vip\" class=\"elementor-tab-title eael-accordion-header\" tabindex=\"0\" data-tab=\"7\" aria-controls=\"elementor-tab-content-4337\"><span class=\"eael-advanced-accordion-icon-closed\"><i aria-hidden=\"true\" class=\"fa-accordion-icon fas fa-angle-down\"><\/i><\/span><span class=\"eael-advanced-accordion-icon-opened\"><i aria-hidden=\"true\" class=\"fa-accordion-icon fas fa-angle-up\"><\/i><\/span><span class=\"eael-accordion-tab-title\">Com puc ser client VIP?<\/span><\/div><div id=\"elementor-tab-content-4337\" class=\"eael-accordion-content clearfix\" data-tab=\"7\" aria-labelledby=\"com-puc-ser-client-vip\"><p><strong>Quan hagis consumit els primers 100\u20ac de saldo real de la teva targeta<\/strong>, passa\u2019t per guixeta! Et donarem una targeta VIP. A partir d\u2019aquest moment, tindr\u00e0s un <strong>10% de descompte en totes les atraccions<\/strong> i de manera indefinida.<\/p><\/div>\n\t\t\t\t\t<\/div><div class=\"eael-accordion-list\">\n\t\t\t\t\t<div id=\"hi-ha-tarifes-especials-per-grups\" class=\"elementor-tab-title eael-accordion-header\" tabindex=\"0\" data-tab=\"8\" aria-controls=\"elementor-tab-content-4338\"><span class=\"eael-advanced-accordion-icon-closed\"><i aria-hidden=\"true\" class=\"fa-accordion-icon fas fa-angle-down\"><\/i><\/span><span class=\"eael-advanced-accordion-icon-opened\"><i aria-hidden=\"true\" class=\"fa-accordion-icon fas fa-angle-up\"><\/i><\/span><span class=\"eael-accordion-tab-title\">Hi ha tarifes especials per grups?<\/span><\/div><div id=\"elementor-tab-content-4338\" class=\"eael-accordion-content clearfix\" data-tab=\"8\" aria-labelledby=\"hi-ha-tarifes-especials-per-grups\"><p>No. El parc ofereix sempre <strong>promoci\u00f3 de bonus regal, en funci\u00f3 de la rec\u00e0rrega de targeta efectuada<\/strong>. Per\u00f2 no disposa de tarifes especials per grups.<\/p><\/div>\n\t\t\t\t\t<\/div><div class=\"eael-accordion-list\">\n\t\t\t\t\t<div id=\"tenen-fcil-accs-les-persones-amb-discapacitat\" class=\"elementor-tab-title eael-accordion-header\" tabindex=\"0\" data-tab=\"9\" aria-controls=\"elementor-tab-content-4339\"><span class=\"eael-advanced-accordion-icon-closed\"><i aria-hidden=\"true\" class=\"fa-accordion-icon fas fa-angle-down\"><\/i><\/span><span class=\"eael-advanced-accordion-icon-opened\"><i aria-hidden=\"true\" class=\"fa-accordion-icon fas fa-angle-up\"><\/i><\/span><span class=\"eael-accordion-tab-title\">Tenen f\u00e0cil acc\u00e9s les persones amb discapacitat?<\/span><\/div><div id=\"elementor-tab-content-4339\" class=\"eael-accordion-content clearfix\" data-tab=\"9\" aria-labelledby=\"tenen-fcil-accs-les-persones-amb-discapacitat\"><p><strong>S\u00ed<\/strong>. Totes les zones del parc son d\u2019un \u00fanic nivell i amb amplitud d\u2019espai. Els serveis estan tamb\u00e9 adaptats.<\/p><\/div>\n\t\t\t\t\t<\/div><div class=\"eael-accordion-list\">\n\t\t\t\t\t<div id=\"puc-entrar-menjar-i-beguda-al-parc\" class=\"elementor-tab-title eael-accordion-header\" tabindex=\"0\" data-tab=\"10\" aria-controls=\"elementor-tab-content-43310\"><span class=\"eael-advanced-accordion-icon-closed\"><i aria-hidden=\"true\" class=\"fa-accordion-icon fas fa-angle-down\"><\/i><\/span><span class=\"eael-advanced-accordion-icon-opened\"><i aria-hidden=\"true\" class=\"fa-accordion-icon fas fa-angle-up\"><\/i><\/span><span class=\"eael-accordion-tab-title\">Puc entrar menjar i beguda al parc?<\/span><\/div><div id=\"elementor-tab-content-43310\" class=\"eael-accordion-content clearfix\" data-tab=\"10\" aria-labelledby=\"puc-entrar-menjar-i-beguda-al-parc\"><p>Es permet entrada de snack i begudes sempre i quan <strong>no es consumeixin a les \u00e0rees de restauraci\u00f3<\/strong> del parc i se\u2019n faci un \u00fas adequat, respectant l\u2019ordre i la neteja que procurem sigui sempre present al parc per respecte a la resta d\u2019usuaris.<\/p><\/div>\n\t\t\t\t\t<\/div><div class=\"eael-accordion-list\">\n\t\t\t\t\t<div id=\"poden-entrar-animals-de-companyia\" class=\"elementor-tab-title eael-accordion-header\" tabindex=\"0\" data-tab=\"11\" aria-controls=\"elementor-tab-content-43311\"><span class=\"eael-advanced-accordion-icon-closed\"><i aria-hidden=\"true\" class=\"fa-accordion-icon fas fa-angle-down\"><\/i><\/span><span class=\"eael-advanced-accordion-icon-opened\"><i aria-hidden=\"true\" class=\"fa-accordion-icon fas fa-angle-up\"><\/i><\/span><span class=\"eael-accordion-tab-title\">Poden entrar animals de companyia?<\/span><\/div><div id=\"elementor-tab-content-43311\" class=\"eael-accordion-content clearfix\" data-tab=\"11\" aria-labelledby=\"poden-entrar-animals-de-companyia\"><p>S\u00ed, pots visitar-nos amb el teu millor amic. Per\u00f2 cal que <strong>en tot moment estigui lligat i degudament supervisat<\/strong>.<\/p><\/div>\n\t\t\t\t\t<\/div><div class=\"eael-accordion-list\">\n\t\t\t\t\t<div id=\"el-parc-t-aparcament-propi\" class=\"elementor-tab-title eael-accordion-header\" tabindex=\"0\" data-tab=\"12\" aria-controls=\"elementor-tab-content-43312\"><span class=\"eael-advanced-accordion-icon-closed\"><i aria-hidden=\"true\" class=\"fa-accordion-icon fas fa-angle-down\"><\/i><\/span><span class=\"eael-advanced-accordion-icon-opened\"><i aria-hidden=\"true\" class=\"fa-accordion-icon fas fa-angle-up\"><\/i><\/span><span class=\"eael-accordion-tab-title\">El parc t\u00e9 aparcament propi?<\/span><\/div><div id=\"elementor-tab-content-43312\" class=\"eael-accordion-content clearfix\" data-tab=\"12\" aria-labelledby=\"el-parc-t-aparcament-propi\"><p>No. No obstant, al\u00a0 voltant hi ha \u00e0mplies zones d\u2019aparcament, totes elles a menys de 5 minuts a peu del parc.<\/p><\/div>\n\t\t\t\t\t<\/div><div class=\"eael-accordion-list\">\n\t\t\t\t\t<div id=\"quin-horari-fa-el-parc\" class=\"elementor-tab-title eael-accordion-header\" tabindex=\"0\" data-tab=\"13\" aria-controls=\"elementor-tab-content-43313\"><span class=\"eael-advanced-accordion-icon-closed\"><i aria-hidden=\"true\" class=\"fa-accordion-icon fas fa-angle-down\"><\/i><\/span><span class=\"eael-advanced-accordion-icon-opened\"><i aria-hidden=\"true\" class=\"fa-accordion-icon fas fa-angle-up\"><\/i><\/span><span class=\"eael-accordion-tab-title\">Quin horari fa el parc?<\/span><\/div><div id=\"elementor-tab-content-43313\" class=\"eael-accordion-content clearfix\" data-tab=\"13\" aria-labelledby=\"quin-horari-fa-el-parc\"><p>L\u2019horari varia en funci\u00f3 de la temporada. Pots consultar calendari i horari vigent a la nostra web. <br \/>L\u2019horari es pot veure alterat per circumst\u00e0ncies alienes a la direcci\u00f3 del parc, com ara inclem\u00e8ncies meteorol\u00f2giques. Recomanem seguir les nostres xarxes, on actualitzem estat del parc a cada moment.<\/p><\/div>\n\t\t\t\t\t<\/div><div class=\"eael-accordion-list\">\n\t\t\t\t\t<div id=\"com-puc-contactar-amb-el-parc\" class=\"elementor-tab-title eael-accordion-header\" tabindex=\"0\" data-tab=\"14\" aria-controls=\"elementor-tab-content-43314\"><span class=\"eael-advanced-accordion-icon-closed\"><i aria-hidden=\"true\" class=\"fa-accordion-icon fas fa-angle-down\"><\/i><\/span><span class=\"eael-advanced-accordion-icon-opened\"><i aria-hidden=\"true\" class=\"fa-accordion-icon fas fa-angle-up\"><\/i><\/span><span class=\"eael-accordion-tab-title\">Com puc contactar amb el parc?<\/span><\/div><div id=\"elementor-tab-content-43314\" class=\"eael-accordion-content clearfix\" data-tab=\"14\" aria-labelledby=\"com-puc-contactar-amb-el-parc\"><p>Si tens dubtes, vols reservar un aniversari al parc o simplement transmetre&#8217;ns qualsevol suggeriment, contacta amb nosaltres!<br \/><a href=\"mailto:info@ppspark.com\"><strong>info@ppspark.com<\/strong><\/a><\/p><\/div>\n\t\t\t\t\t<\/div><\/div>\t\t\t\t<\/div>\n\t\t\t\t<\/div>\n\t\t\t\t\t<\/div>\n\t\t<\/div>\n\t\t\t\t\t<\/div>\n\t\t<\/section>\n\t\t\t\t<\/div>\n\t\t","protected":false},"excerpt":{"rendered":"<p>Resolvemos tus dudas Para que cuando vengas a Pp&#8217;s Park, solo te preocupes por pasarlo bien \u00bfHay que pagar entrada para acceder al parque? No, la entrada es totalmente gratuita. Solo se paga por acceso a cada una de las atracciones. \u00bfC\u00f3mo abono el importe de cada atracci\u00f3n? Para poder acceder a las atracciones es<br \/><a class=\"moretag\" href=\"https:\/\/www.ppspark.com\/es\/preguntes-frequents\/\">+ Read More<\/a><\/p>\n","protected":false},"author":1,"featured_media":8702,"parent":0,"menu_order":0,"comment_status":"closed","ping_status":"closed","template":"templates\/page-fullwidth_template.php","meta":{"footnotes":""},"class_list":["post-7650","page","type-page","status-publish","has-post-thumbnail","hentry"],"yoast_head":"<!-- This site is optimized with the Yoast SEO plugin v27.4 - https:\/\/yoast.com\/product\/yoast-seo-wordpress\/ -->\n<title>Preguntas frecuentes - Pp&#039;s Park<\/title>\n<meta name=\"robots\" content=\"index, follow, max-snippet:-1, max-image-preview:large, max-video-preview:-1\" \/>\n<link rel=\"canonical\" href=\"https:\/\/www.ppspark.com\/preguntes-frequents\/\" \/>\n<meta property=\"og:locale\" content=\"es_ES\" \/>\n<meta property=\"og:type\" content=\"article\" \/>\n<meta property=\"og:title\" content=\"[:ca]Preguntes freq\u00fcents[:es]Preguntas frecuentes[:en]FAQ[:] - Pp&#039;s Park\" \/>\n<meta property=\"og:description\" content=\"Resolvemos tus dudas Para que cuando vengas a Pp&#8217;s Park, solo te preocupes por pasarlo bien \u00bfHay que pagar entrada para acceder al parque? No, la entrada es totalmente gratuita. Solo se paga por acceso a cada una de las atracciones. \u00bfC\u00f3mo abono el importe de cada atracci\u00f3n? Para poder acceder a las atracciones es+ Read More\" \/>\n<meta property=\"og:url\" content=\"https:\/\/www.ppspark.com\/preguntes-frequents\/\" \/>\n<meta property=\"og:site_name\" content=\"Pp&#039;s Park\" \/>\n<meta property=\"article:publisher\" content=\"https:\/\/www.facebook.com\/ppsparkplatjadaro\" \/>\n<meta property=\"article:modified_time\" content=\"2024-06-05T16:22:50+00:00\" \/>\n<meta property=\"og:image\" content=\"https:\/\/www.ppspark.com\/wp-content\/uploads\/2024\/06\/Pps-Park-Parc-dAtraccions-Platja-dAro-Preguntes-frequents-H-.jpg\" \/>\n\t<meta property=\"og:image:width\" content=\"1400\" \/>\n\t<meta property=\"og:image:height\" content=\"450\" \/>\n\t<meta property=\"og:image:type\" content=\"image\/jpeg\" \/>\n<meta name=\"twitter:card\" content=\"summary_large_image\" \/>\n<meta name=\"twitter:site\" content=\"@ppsparkoficial\" \/>\n<meta name=\"twitter:label1\" content=\"Tiempo de lectura\" \/>\n\t<meta name=\"twitter:data1\" content=\"3 minutos\" \/>\n<script type=\"application\/ld+json\" class=\"yoast-schema-graph\">{\"@context\":\"https:\\\/\\\/schema.org\",\"@graph\":[{\"@type\":\"WebPage\",\"@id\":\"https:\\\/\\\/www.ppspark.com\\\/preguntes-frequents\\\/\",\"url\":\"https:\\\/\\\/www.ppspark.com\\\/preguntes-frequents\\\/\",\"name\":\"[:ca]Preguntes freq\u00fcents[:es]Preguntas frecuentes[:en]FAQ[:] - Pp&#039;s Park\",\"isPartOf\":{\"@id\":\"https:\\\/\\\/www.ppspark.com\\\/#website\"},\"primaryImageOfPage\":{\"@id\":\"https:\\\/\\\/www.ppspark.com\\\/preguntes-frequents\\\/#primaryimage\"},\"image\":{\"@id\":\"https:\\\/\\\/www.ppspark.com\\\/preguntes-frequents\\\/#primaryimage\"},\"thumbnailUrl\":\"https:\\\/\\\/www.ppspark.com\\\/wp-content\\\/uploads\\\/2024\\\/06\\\/Pps-Park-Parc-dAtraccions-Platja-dAro-Preguntes-frequents-H-.jpg\",\"datePublished\":\"2024-03-06T18:23:01+00:00\",\"dateModified\":\"2024-06-05T16:22:50+00:00\",\"breadcrumb\":{\"@id\":\"https:\\\/\\\/www.ppspark.com\\\/preguntes-frequents\\\/#breadcrumb\"},\"inLanguage\":\"es\",\"potentialAction\":[{\"@type\":\"ReadAction\",\"target\":[\"https:\\\/\\\/www.ppspark.com\\\/preguntes-frequents\\\/\"]}]},{\"@type\":\"ImageObject\",\"inLanguage\":\"es\",\"@id\":\"https:\\\/\\\/www.ppspark.com\\\/preguntes-frequents\\\/#primaryimage\",\"url\":\"https:\\\/\\\/www.ppspark.com\\\/wp-content\\\/uploads\\\/2024\\\/06\\\/Pps-Park-Parc-dAtraccions-Platja-dAro-Preguntes-frequents-H-.jpg\",\"contentUrl\":\"https:\\\/\\\/www.ppspark.com\\\/wp-content\\\/uploads\\\/2024\\\/06\\\/Pps-Park-Parc-dAtraccions-Platja-dAro-Preguntes-frequents-H-.jpg\",\"width\":1400,\"height\":450},{\"@type\":\"BreadcrumbList\",\"@id\":\"https:\\\/\\\/www.ppspark.com\\\/preguntes-frequents\\\/#breadcrumb\",\"itemListElement\":[{\"@type\":\"ListItem\",\"position\":1,\"name\":\"Portada\",\"item\":\"https:\\\/\\\/www.ppspark.com\\\/\"},{\"@type\":\"ListItem\",\"position\":2,\"name\":\"Preguntas frecuentes\"}]},{\"@type\":\"WebSite\",\"@id\":\"https:\\\/\\\/www.ppspark.com\\\/#website\",\"url\":\"https:\\\/\\\/www.ppspark.com\\\/\",\"name\":\"Pp&#039;s Park\",\"description\":\"Parque de Atracciones - Platja d&#039;Aro - Costa Brava\",\"publisher\":{\"@id\":\"https:\\\/\\\/www.ppspark.com\\\/#organization\"},\"potentialAction\":[{\"@type\":\"SearchAction\",\"target\":{\"@type\":\"EntryPoint\",\"urlTemplate\":\"https:\\\/\\\/www.ppspark.com\\\/?s={search_term_string}\"},\"query-input\":{\"@type\":\"PropertyValueSpecification\",\"valueRequired\":true,\"valueName\":\"search_term_string\"}}],\"inLanguage\":\"es\"},{\"@type\":\"Organization\",\"@id\":\"https:\\\/\\\/www.ppspark.com\\\/#organization\",\"name\":\"PP's Park\",\"url\":\"https:\\\/\\\/www.ppspark.com\\\/\",\"logo\":{\"@type\":\"ImageObject\",\"inLanguage\":\"es\",\"@id\":\"https:\\\/\\\/www.ppspark.com\\\/#\\\/schema\\\/logo\\\/image\\\/\",\"url\":\"https:\\\/\\\/www.ppspark.com\\\/wp-content\\\/uploads\\\/2015\\\/05\\\/Logo-PPS.png\",\"contentUrl\":\"https:\\\/\\\/www.ppspark.com\\\/wp-content\\\/uploads\\\/2015\\\/05\\\/Logo-PPS.png\",\"width\":300,\"height\":193,\"caption\":\"PP's Park\"},\"image\":{\"@id\":\"https:\\\/\\\/www.ppspark.com\\\/#\\\/schema\\\/logo\\\/image\\\/\"},\"sameAs\":[\"https:\\\/\\\/www.facebook.com\\\/ppsparkplatjadaro\",\"https:\\\/\\\/x.com\\\/ppsparkoficial\",\"https:\\\/\\\/www.instagram.com\\\/ppsparkoficial\\\/\"]}]}<\/script>\n<!-- \/ Yoast SEO plugin. -->","yoast_head_json":{"title":"[:ca]Preguntes freq\u00fcents[:es]Preguntas frecuentes[:en]FAQ[:] - Pp&#039;s Park","robots":{"index":"index","follow":"follow","max-snippet":"max-snippet:-1","max-image-preview":"max-image-preview:large","max-video-preview":"max-video-preview:-1"},"canonical":"https:\/\/www.ppspark.com\/preguntes-frequents\/","og_locale":"es_ES","og_type":"article","og_title":"[:ca]Preguntes freq\u00fcents[:es]Preguntas frecuentes[:en]FAQ[:] - Pp&#039;s Park","og_description":"Resolvemos tus dudas Para que cuando vengas a Pp&#8217;s Park, solo te preocupes por pasarlo bien \u00bfHay que pagar entrada para acceder al parque? No, la entrada es totalmente gratuita. Solo se paga por acceso a cada una de las atracciones. \u00bfC\u00f3mo abono el importe de cada atracci\u00f3n? Para poder acceder a las atracciones es+ Read More","og_url":"https:\/\/www.ppspark.com\/preguntes-frequents\/","og_site_name":"Pp&#039;s Park","article_publisher":"https:\/\/www.facebook.com\/ppsparkplatjadaro","article_modified_time":"2024-06-05T16:22:50+00:00","og_image":[{"width":1400,"height":450,"url":"https:\/\/www.ppspark.com\/wp-content\/uploads\/2024\/06\/Pps-Park-Parc-dAtraccions-Platja-dAro-Preguntes-frequents-H-.jpg","type":"image\/jpeg"}],"twitter_card":"summary_large_image","twitter_site":"@ppsparkoficial","twitter_misc":{"Tiempo de lectura":"3 minutos"},"schema":{"@context":"https:\/\/schema.org","@graph":[{"@type":"WebPage","@id":"https:\/\/www.ppspark.com\/preguntes-frequents\/","url":"https:\/\/www.ppspark.com\/preguntes-frequents\/","name":"[:ca]Preguntes freq\u00fcents[:es]Preguntas frecuentes[:en]FAQ[:] - Pp&#039;s Park","isPartOf":{"@id":"https:\/\/www.ppspark.com\/#website"},"primaryImageOfPage":{"@id":"https:\/\/www.ppspark.com\/preguntes-frequents\/#primaryimage"},"image":{"@id":"https:\/\/www.ppspark.com\/preguntes-frequents\/#primaryimage"},"thumbnailUrl":"https:\/\/www.ppspark.com\/wp-content\/uploads\/2024\/06\/Pps-Park-Parc-dAtraccions-Platja-dAro-Preguntes-frequents-H-.jpg","datePublished":"2024-03-06T18:23:01+00:00","dateModified":"2024-06-05T16:22:50+00:00","breadcrumb":{"@id":"https:\/\/www.ppspark.com\/preguntes-frequents\/#breadcrumb"},"inLanguage":"es","potentialAction":[{"@type":"ReadAction","target":["https:\/\/www.ppspark.com\/preguntes-frequents\/"]}]},{"@type":"ImageObject","inLanguage":"es","@id":"https:\/\/www.ppspark.com\/preguntes-frequents\/#primaryimage","url":"https:\/\/www.ppspark.com\/wp-content\/uploads\/2024\/06\/Pps-Park-Parc-dAtraccions-Platja-dAro-Preguntes-frequents-H-.jpg","contentUrl":"https:\/\/www.ppspark.com\/wp-content\/uploads\/2024\/06\/Pps-Park-Parc-dAtraccions-Platja-dAro-Preguntes-frequents-H-.jpg","width":1400,"height":450},{"@type":"BreadcrumbList","@id":"https:\/\/www.ppspark.com\/preguntes-frequents\/#breadcrumb","itemListElement":[{"@type":"ListItem","position":1,"name":"Portada","item":"https:\/\/www.ppspark.com\/"},{"@type":"ListItem","position":2,"name":"Preguntas frecuentes"}]},{"@type":"WebSite","@id":"https:\/\/www.ppspark.com\/#website","url":"https:\/\/www.ppspark.com\/","name":"Pp&#039;s Park","description":"Parque de Atracciones - Platja d&#039;Aro - Costa Brava","publisher":{"@id":"https:\/\/www.ppspark.com\/#organization"},"potentialAction":[{"@type":"SearchAction","target":{"@type":"EntryPoint","urlTemplate":"https:\/\/www.ppspark.com\/?s={search_term_string}"},"query-input":{"@type":"PropertyValueSpecification","valueRequired":true,"valueName":"search_term_string"}}],"inLanguage":"es"},{"@type":"Organization","@id":"https:\/\/www.ppspark.com\/#organization","name":"PP's Park","url":"https:\/\/www.ppspark.com\/","logo":{"@type":"ImageObject","inLanguage":"es","@id":"https:\/\/www.ppspark.com\/#\/schema\/logo\/image\/","url":"https:\/\/www.ppspark.com\/wp-content\/uploads\/2015\/05\/Logo-PPS.png","contentUrl":"https:\/\/www.ppspark.com\/wp-content\/uploads\/2015\/05\/Logo-PPS.png","width":300,"height":193,"caption":"PP's Park"},"image":{"@id":"https:\/\/www.ppspark.com\/#\/schema\/logo\/image\/"},"sameAs":["https:\/\/www.facebook.com\/ppsparkplatjadaro","https:\/\/x.com\/ppsparkoficial","https:\/\/www.instagram.com\/ppsparkoficial\/"]}]}},"_links":{"self":[{"href":"https:\/\/www.ppspark.com\/es\/wp-json\/wp\/v2\/pages\/7650","targetHints":{"allow":["GET"]}}],"collection":[{"href":"https:\/\/www.ppspark.com\/es\/wp-json\/wp\/v2\/pages"}],"about":[{"href":"https:\/\/www.ppspark.com\/es\/wp-json\/wp\/v2\/types\/page"}],"author":[{"embeddable":true,"href":"https:\/\/www.ppspark.com\/es\/wp-json\/wp\/v2\/users\/1"}],"replies":[{"embeddable":true,"href":"https:\/\/www.ppspark.com\/es\/wp-json\/wp\/v2\/comments?post=7650"}],"version-history":[{"count":0,"href":"https:\/\/www.ppspark.com\/es\/wp-json\/wp\/v2\/pages\/7650\/revisions"}],"wp:featuredmedia":[{"embeddable":true,"href":"https:\/\/www.ppspark.com\/es\/wp-json\/wp\/v2\/media\/8702"}],"wp:attachment":[{"href":"https:\/\/www.ppspark.com\/es\/wp-json\/wp\/v2\/media?parent=7650"}],"curies":[{"name":"wp","href":"https:\/\/api.w.org\/{rel}","templated":true}]}}